{"id":97,"date":"2022-01-27T10:58:35","date_gmt":"2022-01-27T10:58:35","guid":{"rendered":"http:\/\/cognito.mprinsdesign.nl\/?page_id=97"},"modified":"2024-10-15T10:07:02","modified_gmt":"2024-10-15T10:07:02","slug":"umisteni","status":"publish","type":"page","link":"https:\/\/benalmadena-beach.com\/cs\/umisteni\/","title":{"rendered":"Um\u00edst\u011bn\u00ed"},"content":{"rendered":"<section class=\"wpb-content-wrapper\"><div  class=\"content_row row page-content vc_row wpb_row  default-style fullwidth\" >\n\t\n\t<div class=\"content_row_wrapper  default\" >\n\t<div id=\"asdasd\" class=\"vc_col-sm-12 wpb_column vc_column_container\" >\n\t<div class=\"vc_column-inner\">\n\t\t<div class=\"wpb_wrapper\" >\n\t\t\t<div class=\"rt_heading_wrapper no-style\">\n\t\t\t\t\t\t<h1 class=\"rt_heading  no-style\"  style=\"font-size:24px;margin-top:24px;margin-bottom:0px;\">Um\u00edst\u011bn\u00ed - <span class=\"after_h1\">Pl\u00e1\u017e Benalmadena<\/span><\/h1> \n\t\t\t\t\t<\/div><div class=\"vc_empty_space\"   style=\"height: 32px\"><span class=\"vc_empty_space_inner\"><\/span><\/div><div class=\"vc_separator wpb_content_element vc_separator_align_center vc_sep_width_100 vc_sep_style-4 vc_sep_pos_align_center vc_separator_no_text vc_sep_color_grey\" ><span class=\"vc_sep_holder vc_sep_holder_l\"><span class=\"vc_sep_line\"><\/span><\/span><span class=\"vc_sep_holder vc_sep_holder_r\"><span class=\"vc_sep_line\"><\/span><\/span>\n<\/div>\n\t<div class=\"wpb_text_column wpb_content_element\" >\n\t\t<div class=\"wpb_wrapper\">\n\t\t\t<p>Perfektn\u00ed poloha p\u00e1r set metr\u016f od pl\u00e1\u017ee. M\u00e1laga 20 km, Fuengirola 6 km. V bl\u00edzkosti n\u011bkolika golfov\u00fdch h\u0159i\u0161\u0165, mezin\u00e1rodn\u00ed vysok\u00e9 \u0161koly Benalm\u00e1dena a pobl\u00ed\u017e vlakov\u00e9ho n\u00e1dra\u017e\u00ed Torremuelle na trase C1 pod\u00e9l pob\u0159e\u017e\u00ed. Ide\u00e1ln\u00ed pro n\u00e1v\u0161t\u011bvu centra M\u00e1lagy, leti\u0161t\u011b nebo n\u011bkter\u00e9ho z dal\u0161\u00edch pob\u0159e\u017en\u00edch m\u011bst bez aut.<\/p>\n<p>V okruhu patn\u00e1cti minut j\u00edzdy je spousta v\u011bc\u00ed, jako nap\u0159\u00edklad:<\/p>\n<p><a href=\"https:\/\/www.tripadvisor.es\/Attraction_Review-g562812-d2013574-Reviews-Parque_De_La_Paloma-Benalmadena_Costa_del_Sol_Province_of_Malaga_Andalucia.html\" target=\"_blank\" rel=\"noopener\"><strong>Parque de la Paloma<\/strong><\/a>: Kr\u00e1sn\u00fd park s jez\u00edrky, vodop\u00e1dy a \u0159adou rostlin a zv\u00ed\u0159at. Ide\u00e1ln\u00ed na proch\u00e1zku nebo piknik.<\/p>\n<p><a href=\"https:\/\/www.selwomarina.es\/en\" target=\"_blank\" rel=\"noopener\"><strong>Selwo Marina<\/strong><\/a>: Mo\u0159sk\u00fd z\u00e1bavn\u00ed park, kde m\u016f\u017eete vid\u011bt zv\u00ed\u0159ata, jako jsou delf\u00edni, lachtani a exotick\u00e9 ptactvo. Nab\u00edz\u00ed tak\u00e9 vzd\u011bl\u00e1vac\u00ed p\u0159edstaven\u00ed a aktivity.<\/p>\n<p><a href=\"https:\/\/www.telefericobenalmadena.com\/\" target=\"_blank\" rel=\"noopener\"><strong>Telef\u00e9rico de Benalm\u00e1dena<\/strong><\/a>: Lanovka, kter\u00e1 v\u00e1s vyveze na vrchol Monte Calamorro, s kr\u00e1sn\u00fdmi v\u00fdhledy na pob\u0159e\u017e\u00ed a p\u0159\u00edle\u017eitostmi k proch\u00e1zk\u00e1m a dobrodru\u017en\u00fdm aktivit\u00e1m.<\/p>\n<p><a href=\"https:\/\/www.castillomonumentocolomares.com\/\" target=\"_blank\" rel=\"noopener\"><strong>Castillo de Colomares<\/strong><\/a>: Impozantn\u00ed hrad postaven\u00fd na po\u010dest Kry\u0161tofa Kolumba. Je to jedine\u010dn\u00e1 architektonick\u00e1 pam\u00e1tka s kr\u00e1sn\u00fdmi detaily.<\/p>\n<p><a href=\"https:\/\/malaga.nl\/activiteiten\/tivoli-world\/\" target=\"_blank\" rel=\"noopener\"><strong>Sv\u011bt Tivoli<\/strong><\/a>: Z\u00e1bavn\u00ed park s atrakcemi a p\u0159edstaven\u00edmi, ide\u00e1ln\u00ed pro rodiny a z\u00e1bavn\u00fd den.<\/p>\n<p><strong>Benalmadena Pueblo<\/strong>: Star\u00e9 m\u011bsto Benalm\u00e1dena, okouzluj\u00edc\u00ed b\u00edl\u00e1 vesnice s \u00fazk\u00fdmi uli\u010dkami, m\u00edstn\u00edmi obchody a kr\u00e1sn\u00fdm v\u00fdhledem na mo\u0159e.<\/p>\n\n\t\t<\/div>\n\t<\/div>\n\n\t\t<\/div>\n\t<\/div>\n\t<\/div>\n\n<\/div>\n<\/div>\n\n<div  class=\"content_row row room-list vc_row wpb_row  default-style fullwidth\" >\n\t\n\t<div class=\"content_row_wrapper  fullwidth\" >\n\t<div id=\"asdasd\" class=\"vc_col-sm-12 wpb_column vc_column_container\" >\n\t<div class=\"vc_column-inner\">\n\t\t<div class=\"wpb_wrapper\" >\n\t\t\t<div class=\"google_map_holder\" data-height=\"300\" data-scope=\"#map-599472\" data-bw=\"\">\n\n\t\t\t<div id=\"map-599472\" class=\"google_map\"><\/div>\n\t\t\t<script type=\"text\/javascript\">\n\t\t\t \/* <![CDATA[ *\/ \n\t\t\t\t\/\/ Runs google maps\t\n\t\t\t\t\tjQuery(function() {\n\t\t\t\t\t\tjQuery(\"#map-599472\").rt_maps([[\"Benalmadena Beach\", 36.58300026743243, -4.558987702386189, 4,\"\"],],10); \n\t\t\t\t\t});\n\t\t\t\/* ]]> *\/\t\n\t\t\t<\/script>\n\n\t\t<\/div><div class=\"vc_empty_space\"   style=\"height: 180px\"><span class=\"vc_empty_space_inner\"><\/span><\/div>\n\t\t<\/div>\n\t<\/div>\n\t<\/div>\n\n<\/div>\n<\/div>\n<\/section>","protected":false},"excerpt":{"rendered":"<p>\u2026 <a class=\"more-link\" href=\"https:\/\/benalmadena-beach.com\/cs\/umisteni\/\">pokra\u010dovat ve \u010dten\u00ed<\/a><\/p>","protected":false},"author":1,"featured_media":4087,"parent":0,"menu_order":5,"comment_status":"closed","ping_status":"closed","template":"","meta":{"footnotes":""},"class_list":["post-97","page","type-page","status-publish","has-post-thumbnail","hentry"],"yoast_head":"<!-- This site is optimized with the Yoast SEO plugin v26.0 - https:\/\/yoast.com\/wordpress\/plugins\/seo\/ -->\n<title>Locatie - Benalm\u00e1dena Beach<\/title>\n<meta name=\"robots\" content=\"index, follow, max-snippet:-1, max-image-preview:large, max-video-preview:-1\" \/>\n<link rel=\"canonical\" href=\"https:\/\/benalmadena-beach.com\/cs\/umisteni\/\" \/>\n<meta property=\"og:locale\" content=\"cs_CZ\" \/>\n<meta property=\"og:type\" content=\"article\" \/>\n<meta property=\"og:title\" content=\"Locatie - Benalm\u00e1dena Beach\" \/>\n<meta property=\"og:url\" content=\"https:\/\/benalmadena-beach.com\/cs\/umisteni\/\" \/>\n<meta property=\"og:site_name\" content=\"Benalm\u00e1dena Beach\" \/>\n<meta property=\"article:modified_time\" content=\"2024-10-15T10:07:02+00:00\" \/>\n<meta property=\"og:image\" content=\"https:\/\/benalmadena-beach.com\/wp-content\/uploads\/sites\/44\/2022\/03\/Benalmadena-Beach-_object-scaled.jpg\" \/>\n\t<meta property=\"og:image:width\" content=\"2560\" \/>\n\t<meta property=\"og:image:height\" content=\"1440\" \/>\n\t<meta property=\"og:image:type\" content=\"image\/jpeg\" \/>\n<meta name=\"twitter:card\" content=\"summary_large_image\" \/>\n<meta name=\"twitter:label1\" content=\"Odhadovan\u00e1 doba \u010dten\u00ed\" \/>\n\t<meta name=\"twitter:data1\" content=\"2 minuty\" \/>\n<script type=\"application\/ld+json\" class=\"yoast-schema-graph\">{\"@context\":\"https:\/\/schema.org\",\"@graph\":[{\"@type\":\"WebPage\",\"@id\":\"https:\/\/benalmadena-beach.com\/locatie\/\",\"url\":\"https:\/\/benalmadena-beach.com\/locatie\/\",\"name\":\"Locatie - Benalm\u00e1dena Beach\",\"isPartOf\":{\"@id\":\"https:\/\/benalmadena-beach.com\/#website\"},\"primaryImageOfPage\":{\"@id\":\"https:\/\/benalmadena-beach.com\/locatie\/#primaryimage\"},\"image\":{\"@id\":\"https:\/\/benalmadena-beach.com\/locatie\/#primaryimage\"},\"thumbnailUrl\":\"https:\/\/benalmadena-beach.com\/wp-content\/uploads\/sites\/44\/2022\/03\/Benalmadena-Beach-_object-scaled.jpg\",\"datePublished\":\"2022-01-27T10:58:35+00:00\",\"dateModified\":\"2024-10-15T10:07:02+00:00\",\"breadcrumb\":{\"@id\":\"https:\/\/benalmadena-beach.com\/locatie\/#breadcrumb\"},\"inLanguage\":\"cs\",\"potentialAction\":[{\"@type\":\"ReadAction\",\"target\":[\"https:\/\/benalmadena-beach.com\/locatie\/\"]}]},{\"@type\":\"ImageObject\",\"inLanguage\":\"cs\",\"@id\":\"https:\/\/benalmadena-beach.com\/locatie\/#primaryimage\",\"url\":\"https:\/\/benalmadena-beach.com\/wp-content\/uploads\/sites\/44\/2022\/03\/Benalmadena-Beach-_object-scaled.jpg\",\"contentUrl\":\"https:\/\/benalmadena-beach.com\/wp-content\/uploads\/sites\/44\/2022\/03\/Benalmadena-Beach-_object-scaled.jpg\",\"width\":2560,\"height\":1440},{\"@type\":\"BreadcrumbList\",\"@id\":\"https:\/\/benalmadena-beach.com\/locatie\/#breadcrumb\",\"itemListElement\":[{\"@type\":\"ListItem\",\"position\":1,\"name\":\"Home\",\"item\":\"https:\/\/benalmadena-beach.com\/\"},{\"@type\":\"ListItem\",\"position\":2,\"name\":\"Locatie\"}]},{\"@type\":\"WebSite\",\"@id\":\"https:\/\/benalmadena-beach.com\/#website\",\"url\":\"https:\/\/benalmadena-beach.com\/\",\"name\":\"Benalm\u00e1dena Beach\",\"description\":\"\",\"potentialAction\":[{\"@type\":\"SearchAction\",\"target\":{\"@type\":\"EntryPoint\",\"urlTemplate\":\"https:\/\/benalmadena-beach.com\/?s={search_term_string}\"},\"query-input\":{\"@type\":\"PropertyValueSpecification\",\"valueRequired\":true,\"valueName\":\"search_term_string\"}}],\"inLanguage\":\"cs\"}]}<\/script>\n<!-- \/ Yoast SEO plugin. -->","yoast_head_json":{"title":"M\u00edsto - Pl\u00e1\u017e Benalm\u00e1dena","robots":{"index":"index","follow":"follow","max-snippet":"max-snippet:-1","max-image-preview":"max-image-preview:large","max-video-preview":"max-video-preview:-1"},"canonical":"https:\/\/benalmadena-beach.com\/cs\/umisteni\/","og_locale":"cs_CZ","og_type":"article","og_title":"Locatie - Benalm\u00e1dena Beach","og_url":"https:\/\/benalmadena-beach.com\/cs\/umisteni\/","og_site_name":"Benalm\u00e1dena Beach","article_modified_time":"2024-10-15T10:07:02+00:00","og_image":[{"width":2560,"height":1440,"url":"https:\/\/benalmadena-beach.com\/wp-content\/uploads\/sites\/44\/2022\/03\/Benalmadena-Beach-_object-scaled.jpg","type":"image\/jpeg"}],"twitter_card":"summary_large_image","twitter_misc":{"Odhadovan\u00e1 doba \u010dten\u00ed":"2 minuty"},"schema":{"@context":"https:\/\/schema.org","@graph":[{"@type":"WebPage","@id":"https:\/\/benalmadena-beach.com\/locatie\/","url":"https:\/\/benalmadena-beach.com\/locatie\/","name":"M\u00edsto - Pl\u00e1\u017e Benalm\u00e1dena","isPartOf":{"@id":"https:\/\/benalmadena-beach.com\/#website"},"primaryImageOfPage":{"@id":"https:\/\/benalmadena-beach.com\/locatie\/#primaryimage"},"image":{"@id":"https:\/\/benalmadena-beach.com\/locatie\/#primaryimage"},"thumbnailUrl":"https:\/\/benalmadena-beach.com\/wp-content\/uploads\/sites\/44\/2022\/03\/Benalmadena-Beach-_object-scaled.jpg","datePublished":"2022-01-27T10:58:35+00:00","dateModified":"2024-10-15T10:07:02+00:00","breadcrumb":{"@id":"https:\/\/benalmadena-beach.com\/locatie\/#breadcrumb"},"inLanguage":"cs","potentialAction":[{"@type":"ReadAction","target":["https:\/\/benalmadena-beach.com\/locatie\/"]}]},{"@type":"ImageObject","inLanguage":"cs","@id":"https:\/\/benalmadena-beach.com\/locatie\/#primaryimage","url":"https:\/\/benalmadena-beach.com\/wp-content\/uploads\/sites\/44\/2022\/03\/Benalmadena-Beach-_object-scaled.jpg","contentUrl":"https:\/\/benalmadena-beach.com\/wp-content\/uploads\/sites\/44\/2022\/03\/Benalmadena-Beach-_object-scaled.jpg","width":2560,"height":1440},{"@type":"BreadcrumbList","@id":"https:\/\/benalmadena-beach.com\/locatie\/#breadcrumb","itemListElement":[{"@type":"ListItem","position":1,"name":"Home","item":"https:\/\/benalmadena-beach.com\/"},{"@type":"ListItem","position":2,"name":"Locatie"}]},{"@type":"WebSite","@id":"https:\/\/benalmadena-beach.com\/#website","url":"https:\/\/benalmadena-beach.com\/","name":"Pl\u00e1\u017e Benalmadena","description":"","potentialAction":[{"@type":"SearchAction","target":{"@type":"EntryPoint","urlTemplate":"https:\/\/benalmadena-beach.com\/?s={search_term_string}"},"query-input":{"@type":"PropertyValueSpecification","valueRequired":true,"valueName":"search_term_string"}}],"inLanguage":"cs"}]}},"_links":{"self":[{"href":"https:\/\/benalmadena-beach.com\/cs\/wp-json\/wp\/v2\/pages\/97","targetHints":{"allow":["GET"]}}],"collection":[{"href":"https:\/\/benalmadena-beach.com\/cs\/wp-json\/wp\/v2\/pages"}],"about":[{"href":"https:\/\/benalmadena-beach.com\/cs\/wp-json\/wp\/v2\/types\/page"}],"author":[{"embeddable":true,"href":"https:\/\/benalmadena-beach.com\/cs\/wp-json\/wp\/v2\/users\/1"}],"replies":[{"embeddable":true,"href":"https:\/\/benalmadena-beach.com\/cs\/wp-json\/wp\/v2\/comments?post=97"}],"version-history":[{"count":7,"href":"https:\/\/benalmadena-beach.com\/cs\/wp-json\/wp\/v2\/pages\/97\/revisions"}],"predecessor-version":[{"id":4130,"href":"https:\/\/benalmadena-beach.com\/cs\/wp-json\/wp\/v2\/pages\/97\/revisions\/4130"}],"wp:featuredmedia":[{"embeddable":true,"href":"https:\/\/benalmadena-beach.com\/cs\/wp-json\/wp\/v2\/media\/4087"}],"wp:attachment":[{"href":"https:\/\/benalmadena-beach.com\/cs\/wp-json\/wp\/v2\/media?parent=97"}],"curies":[{"name":"wp","href":"https:\/\/api.w.org\/{rel}","templated":true}]}}