{"id":97,"date":"2022-01-27T10:58:35","date_gmt":"2022-01-27T10:58:35","guid":{"rendered":"http:\/\/cognito.mprinsdesign.nl\/?page_id=97"},"modified":"2024-10-15T10:07:02","modified_gmt":"2024-10-15T10:07:02","slug":"ort","status":"publish","type":"page","link":"https:\/\/benalmadena-beach.com\/de\/ort\/","title":{"rendered":"Ort"},"content":{"rendered":"<section class=\"wpb-content-wrapper\"><div  class=\"content_row row page-content vc_row wpb_row  default-style fullwidth\" >\n\t\n\t<div class=\"content_row_wrapper  default\" >\n\t<div id=\"asdasd\" class=\"vc_col-sm-12 wpb_column vc_column_container\" >\n\t<div class=\"vc_column-inner\">\n\t\t<div class=\"wpb_wrapper\" >\n\t\t\t<div class=\"rt_heading_wrapper no-style\">\n\t\t\t\t\t\t<h1 class=\"rt_heading  no-style\"  style=\"font-size:24px;margin-top:24px;margin-bottom:0px;\">Ort - <span class=\"after_h1\">Strand von Benalmadena<\/span><\/h1> \n\t\t\t\t\t<\/div><div class=\"vc_empty_space\"   style=\"height: 32px\"><span class=\"vc_empty_space_inner\"><\/span><\/div><div class=\"vc_separator wpb_content_element vc_separator_align_center vc_sep_width_100 vc_sep_style-4 vc_sep_pos_align_center vc_separator_no_text vc_sep_color_grey\" ><span class=\"vc_sep_holder vc_sep_holder_l\"><span class=\"vc_sep_line\"><\/span><\/span><span class=\"vc_sep_holder vc_sep_holder_r\"><span class=\"vc_sep_line\"><\/span><\/span>\n<\/div>\n\t<div class=\"wpb_text_column wpb_content_element\" >\n\t\t<div class=\"wpb_wrapper\">\n\t\t\t<p>Perfekt gelegen, nur wenige hundert Meter vom Strand entfernt. M\u00e1laga 20 km, Fuengirola 6 km. In der N\u00e4he mehrerer Golfpl\u00e4tze, des Benalm\u00e1dena International College und in der N\u00e4he des Bahnhofs Torremuelle der Bahnlinie C1 entlang der K\u00fcste. Ideal f\u00fcr den Besuch des Zentrums von M\u00e1laga, des Flughafens oder einer der anderen K\u00fcstenst\u00e4dte ohne Auto.<\/p>\n<p>Im Umkreis von 15 Autominuten gibt es viel zu unternehmen, zum Beispiel:<\/p>\n<p><a href=\"https:\/\/www.tripadvisor.es\/Attraction_Review-g562812-d2013574-Reviews-Parque_De_La_Paloma-Benalmadena_Costa_del_Sol_Province_of_Malaga_Andalucia.html\" target=\"_blank\" rel=\"noopener\"><strong>Parque de la Paloma<\/strong><\/a>: Ein wundersch\u00f6ner Park mit Seen, Wasserf\u00e4llen und einer Vielzahl von Pflanzen und Tieren. Ideal f\u00fcr einen Spaziergang oder ein Picknick.<\/p>\n<p><a href=\"https:\/\/www.selwomarina.es\/en\" target=\"_blank\" rel=\"noopener\"><strong>Selwo Marina<\/strong><\/a>: Ein Meeresthemenpark, in dem Sie Tiere wie Delfine, Seel\u00f6wen und exotische V\u00f6gel beobachten k\u00f6nnen. Es bietet auch lehrreiche Shows und Aktivit\u00e4ten.<\/p>\n<p><a href=\"https:\/\/www.telefericobenalmadena.com\/\" target=\"_blank\" rel=\"noopener\"><strong>Telef\u00e9rico de Benalm\u00e1dena<\/strong><\/a>: Eine Seilbahn, die Sie auf den Gipfel des Monte Calamorro bringt, mit herrlichem Blick \u00fcber die K\u00fcste und M\u00f6glichkeiten f\u00fcr Spazierg\u00e4nge und Abenteueraktivit\u00e4ten.<\/p>\n<p><a href=\"https:\/\/www.castillomonumentocolomares.com\/\" target=\"_blank\" rel=\"noopener\"><strong>Castillo de Colomares<\/strong><\/a>: Ein beeindruckendes Schloss, das zu Ehren von Christoph Kolumbus erbaut wurde. Es ist ein einzigartiges architektonisches Wahrzeichen mit wundersch\u00f6nen Details.<\/p>\n<p><a href=\"https:\/\/malaga.nl\/activiteiten\/tivoli-world\/\" target=\"_blank\" rel=\"noopener\"><strong>Tivoli-Welt<\/strong><\/a>: Ein Vergn\u00fcgungspark mit Fahrgesch\u00e4ften und Shows, ideal f\u00fcr Familien und einen unterhaltsamen Tagesausflug.<\/p>\n<p><strong>Benalmadena Pueblo<\/strong>: Die Altstadt von Benalm\u00e1dena, ein charmantes wei\u00dfes Dorf mit engen Gassen, lokalen Gesch\u00e4ften und herrlichem Blick auf das Meer.<\/p>\n\n\t\t<\/div>\n\t<\/div>\n\n\t\t<\/div>\n\t<\/div>\n\t<\/div>\n\n<\/div>\n<\/div>\n\n<div  class=\"content_row row room-list vc_row wpb_row  default-style fullwidth\" >\n\t\n\t<div class=\"content_row_wrapper  fullwidth\" >\n\t<div id=\"asdasd\" class=\"vc_col-sm-12 wpb_column vc_column_container\" >\n\t<div class=\"vc_column-inner\">\n\t\t<div class=\"wpb_wrapper\" >\n\t\t\t<div class=\"google_map_holder\" data-height=\"300\" data-scope=\"#map-863305\" data-bw=\"\">\n\n\t\t\t<div id=\"map-863305\" class=\"google_map\"><\/div>\n\t\t\t<script type=\"text\/javascript\">\n\t\t\t \/* <![CDATA[ *\/ \n\t\t\t\t\/\/ Runs google maps\t\n\t\t\t\t\tjQuery(function() {\n\t\t\t\t\t\tjQuery(\"#map-863305\").rt_maps([[\"Benalmadena Beach\", 36.58300026743243, -4.558987702386189, 4,\"\"],],10); \n\t\t\t\t\t});\n\t\t\t\/* ]]> *\/\t\n\t\t\t<\/script>\n\n\t\t<\/div><div class=\"vc_empty_space\"   style=\"height: 180px\"><span class=\"vc_empty_space_inner\"><\/span><\/div>\n\t\t<\/div>\n\t<\/div>\n\t<\/div>\n\n<\/div>\n<\/div>\n<\/section>","protected":false},"excerpt":{"rendered":"<p>\u2026 <a class=\"more-link\" href=\"https:\/\/benalmadena-beach.com\/de\/ort\/\">Weiterlesen<\/a><\/p>","protected":false},"author":1,"featured_media":4087,"parent":0,"menu_order":5,"comment_status":"closed","ping_status":"closed","template":"","meta":{"footnotes":""},"class_list":["post-97","page","type-page","status-publish","has-post-thumbnail","hentry"],"yoast_head":"<!-- This site is optimized with the Yoast SEO plugin v26.0 - https:\/\/yoast.com\/wordpress\/plugins\/seo\/ -->\n<title>Locatie - Benalm\u00e1dena Beach<\/title>\n<meta name=\"robots\" content=\"index, follow, max-snippet:-1, max-image-preview:large, max-video-preview:-1\" \/>\n<link rel=\"canonical\" href=\"https:\/\/benalmadena-beach.com\/de\/ort\/\" \/>\n<meta property=\"og:locale\" content=\"de_DE\" \/>\n<meta property=\"og:type\" content=\"article\" \/>\n<meta property=\"og:title\" content=\"Locatie - Benalm\u00e1dena Beach\" \/>\n<meta property=\"og:url\" content=\"https:\/\/benalmadena-beach.com\/de\/ort\/\" \/>\n<meta property=\"og:site_name\" content=\"Benalm\u00e1dena Beach\" \/>\n<meta property=\"article:modified_time\" content=\"2024-10-15T10:07:02+00:00\" \/>\n<meta property=\"og:image\" content=\"https:\/\/benalmadena-beach.com\/wp-content\/uploads\/sites\/44\/2022\/03\/Benalmadena-Beach-_object-scaled.jpg\" \/>\n\t<meta property=\"og:image:width\" content=\"2560\" \/>\n\t<meta property=\"og:image:height\" content=\"1440\" \/>\n\t<meta property=\"og:image:type\" content=\"image\/jpeg\" \/>\n<meta name=\"twitter:card\" content=\"summary_large_image\" \/>\n<meta name=\"twitter:label1\" content=\"Gesch\u00e4tzte Lesezeit\" \/>\n\t<meta name=\"twitter:data1\" content=\"2\u00a0Minuten\" \/>\n<script type=\"application\/ld+json\" class=\"yoast-schema-graph\">{\"@context\":\"https:\/\/schema.org\",\"@graph\":[{\"@type\":\"WebPage\",\"@id\":\"https:\/\/benalmadena-beach.com\/locatie\/\",\"url\":\"https:\/\/benalmadena-beach.com\/locatie\/\",\"name\":\"Locatie - Benalm\u00e1dena Beach\",\"isPartOf\":{\"@id\":\"https:\/\/benalmadena-beach.com\/#website\"},\"primaryImageOfPage\":{\"@id\":\"https:\/\/benalmadena-beach.com\/locatie\/#primaryimage\"},\"image\":{\"@id\":\"https:\/\/benalmadena-beach.com\/locatie\/#primaryimage\"},\"thumbnailUrl\":\"https:\/\/benalmadena-beach.com\/wp-content\/uploads\/sites\/44\/2022\/03\/Benalmadena-Beach-_object-scaled.jpg\",\"datePublished\":\"2022-01-27T10:58:35+00:00\",\"dateModified\":\"2024-10-15T10:07:02+00:00\",\"breadcrumb\":{\"@id\":\"https:\/\/benalmadena-beach.com\/locatie\/#breadcrumb\"},\"inLanguage\":\"de\",\"potentialAction\":[{\"@type\":\"ReadAction\",\"target\":[\"https:\/\/benalmadena-beach.com\/locatie\/\"]}]},{\"@type\":\"ImageObject\",\"inLanguage\":\"de\",\"@id\":\"https:\/\/benalmadena-beach.com\/locatie\/#primaryimage\",\"url\":\"https:\/\/benalmadena-beach.com\/wp-content\/uploads\/sites\/44\/2022\/03\/Benalmadena-Beach-_object-scaled.jpg\",\"contentUrl\":\"https:\/\/benalmadena-beach.com\/wp-content\/uploads\/sites\/44\/2022\/03\/Benalmadena-Beach-_object-scaled.jpg\",\"width\":2560,\"height\":1440},{\"@type\":\"BreadcrumbList\",\"@id\":\"https:\/\/benalmadena-beach.com\/locatie\/#breadcrumb\",\"itemListElement\":[{\"@type\":\"ListItem\",\"position\":1,\"name\":\"Home\",\"item\":\"https:\/\/benalmadena-beach.com\/\"},{\"@type\":\"ListItem\",\"position\":2,\"name\":\"Locatie\"}]},{\"@type\":\"WebSite\",\"@id\":\"https:\/\/benalmadena-beach.com\/#website\",\"url\":\"https:\/\/benalmadena-beach.com\/\",\"name\":\"Benalm\u00e1dena Beach\",\"description\":\"\",\"potentialAction\":[{\"@type\":\"SearchAction\",\"target\":{\"@type\":\"EntryPoint\",\"urlTemplate\":\"https:\/\/benalmadena-beach.com\/?s={search_term_string}\"},\"query-input\":{\"@type\":\"PropertyValueSpecification\",\"valueRequired\":true,\"valueName\":\"search_term_string\"}}],\"inLanguage\":\"de\"}]}<\/script>\n<!-- \/ Yoast SEO plugin. -->","yoast_head_json":{"title":"Lage - Strand von Benalm\u00e1dena","robots":{"index":"index","follow":"follow","max-snippet":"max-snippet:-1","max-image-preview":"max-image-preview:large","max-video-preview":"max-video-preview:-1"},"canonical":"https:\/\/benalmadena-beach.com\/de\/ort\/","og_locale":"de_DE","og_type":"article","og_title":"Locatie - Benalm\u00e1dena Beach","og_url":"https:\/\/benalmadena-beach.com\/de\/ort\/","og_site_name":"Benalm\u00e1dena Beach","article_modified_time":"2024-10-15T10:07:02+00:00","og_image":[{"width":2560,"height":1440,"url":"https:\/\/benalmadena-beach.com\/wp-content\/uploads\/sites\/44\/2022\/03\/Benalmadena-Beach-_object-scaled.jpg","type":"image\/jpeg"}],"twitter_card":"summary_large_image","twitter_misc":{"Gesch\u00e4tzte Lesezeit":"2\u00a0Minuten"},"schema":{"@context":"https:\/\/schema.org","@graph":[{"@type":"WebPage","@id":"https:\/\/benalmadena-beach.com\/locatie\/","url":"https:\/\/benalmadena-beach.com\/locatie\/","name":"Lage - Strand von Benalm\u00e1dena","isPartOf":{"@id":"https:\/\/benalmadena-beach.com\/#website"},"primaryImageOfPage":{"@id":"https:\/\/benalmadena-beach.com\/locatie\/#primaryimage"},"image":{"@id":"https:\/\/benalmadena-beach.com\/locatie\/#primaryimage"},"thumbnailUrl":"https:\/\/benalmadena-beach.com\/wp-content\/uploads\/sites\/44\/2022\/03\/Benalmadena-Beach-_object-scaled.jpg","datePublished":"2022-01-27T10:58:35+00:00","dateModified":"2024-10-15T10:07:02+00:00","breadcrumb":{"@id":"https:\/\/benalmadena-beach.com\/locatie\/#breadcrumb"},"inLanguage":"de","potentialAction":[{"@type":"ReadAction","target":["https:\/\/benalmadena-beach.com\/locatie\/"]}]},{"@type":"ImageObject","inLanguage":"de","@id":"https:\/\/benalmadena-beach.com\/locatie\/#primaryimage","url":"https:\/\/benalmadena-beach.com\/wp-content\/uploads\/sites\/44\/2022\/03\/Benalmadena-Beach-_object-scaled.jpg","contentUrl":"https:\/\/benalmadena-beach.com\/wp-content\/uploads\/sites\/44\/2022\/03\/Benalmadena-Beach-_object-scaled.jpg","width":2560,"height":1440},{"@type":"BreadcrumbList","@id":"https:\/\/benalmadena-beach.com\/locatie\/#breadcrumb","itemListElement":[{"@type":"ListItem","position":1,"name":"Home","item":"https:\/\/benalmadena-beach.com\/"},{"@type":"ListItem","position":2,"name":"Locatie"}]},{"@type":"WebSite","@id":"https:\/\/benalmadena-beach.com\/#website","url":"https:\/\/benalmadena-beach.com\/","name":"Strand von Benalmadena","description":"","potentialAction":[{"@type":"SearchAction","target":{"@type":"EntryPoint","urlTemplate":"https:\/\/benalmadena-beach.com\/?s={search_term_string}"},"query-input":{"@type":"PropertyValueSpecification","valueRequired":true,"valueName":"search_term_string"}}],"inLanguage":"de"}]}},"_links":{"self":[{"href":"https:\/\/benalmadena-beach.com\/de\/wp-json\/wp\/v2\/pages\/97","targetHints":{"allow":["GET"]}}],"collection":[{"href":"https:\/\/benalmadena-beach.com\/de\/wp-json\/wp\/v2\/pages"}],"about":[{"href":"https:\/\/benalmadena-beach.com\/de\/wp-json\/wp\/v2\/types\/page"}],"author":[{"embeddable":true,"href":"https:\/\/benalmadena-beach.com\/de\/wp-json\/wp\/v2\/users\/1"}],"replies":[{"embeddable":true,"href":"https:\/\/benalmadena-beach.com\/de\/wp-json\/wp\/v2\/comments?post=97"}],"version-history":[{"count":7,"href":"https:\/\/benalmadena-beach.com\/de\/wp-json\/wp\/v2\/pages\/97\/revisions"}],"predecessor-version":[{"id":4130,"href":"https:\/\/benalmadena-beach.com\/de\/wp-json\/wp\/v2\/pages\/97\/revisions\/4130"}],"wp:featuredmedia":[{"embeddable":true,"href":"https:\/\/benalmadena-beach.com\/de\/wp-json\/wp\/v2\/media\/4087"}],"wp:attachment":[{"href":"https:\/\/benalmadena-beach.com\/de\/wp-json\/wp\/v2\/media?parent=97"}],"curies":[{"name":"wp","href":"https:\/\/api.w.org\/{rel}","templated":true}]}}