{"id":95,"date":"2022-01-27T10:58:29","date_gmt":"2022-01-27T10:58:29","guid":{"rendered":"http:\/\/cognito.mprinsdesign.nl\/?page_id=95"},"modified":"2025-04-17T14:52:46","modified_gmt":"2025-04-17T14:52:46","slug":"el-complejo","status":"publish","type":"page","link":"https:\/\/benalmadena-beach.com\/es\/el-complejo\/","title":{"rendered":"Sobre la Playa de Benalm\u00e1dena"},"content":{"rendered":"<section class=\"wpb-content-wrapper\"><div  class=\"content_row row page-content vc_row wpb_row  default-style fullwidth\" >\n\t\n\t<div class=\"content_row_wrapper  default\" >\n\t<div id=\"asdasd\" class=\"vc_col-sm-12 wpb_column vc_column_container\" >\n\t<div class=\"vc_column-inner\">\n\t\t<div class=\"wpb_wrapper\" >\n\t\t\t<div class=\"rt_heading_wrapper no-style\">\n\t\t\t\t\t\t<h1 class=\"rt_heading  no-style\"  style=\"font-size:24px;margin-top:24px;margin-bottom:0px;\">Playa de Benalm\u00e1dena \u2013 <span class=\"after_h1\">Una combinaci\u00f3n perfecta entre arquitectura, confort y privacidad en el hogar.<\/span><\/h1> \n\t\t\t\t\t<\/div><div class=\"vc_empty_space\"   style=\"height: 32px\"><span class=\"vc_empty_space_inner\"><\/span><\/div><div class=\"vc_separator wpb_content_element vc_separator_align_center vc_sep_width_100 vc_sep_style-4 vc_sep_pos_align_center vc_separator_no_text vc_sep_color_grey\" ><span class=\"vc_sep_holder vc_sep_holder_l\"><span class=\"vc_sep_line\"><\/span><\/span><span class=\"vc_sep_holder vc_sep_holder_r\"><span class=\"vc_sep_line\"><\/span><\/span>\n<\/div><div class=\"vc_empty_space\"   style=\"height: 32px\"><span class=\"vc_empty_space_inner\"><\/span><\/div>\n\t<div class=\"wpb_text_column wpb_content_element\" >\n\t\t<div class=\"wpb_wrapper\">\n\t\t\t<h4>el arquitecto<\/h4>\n<p>La arquitectura vanguardista de BENALMADENA BEACH pr\u00e1cticamente elimina todas las barreras entre el interior y el exterior, permiti\u00e9ndole disfrutar del horizonte desde la comodidad de su sof\u00e1.<\/p>\n<h4>el concepto<\/h4>\n<p>Una combinaci\u00f3n perfecta entre arquitectura, confort y privacidad en el hogar, junto con los servicios de un complejo de alta calidad que te brinda la oportunidad de vivir en armon\u00eda con la naturaleza.<\/p>\n<h4>el dise\u00f1o<\/h4>\n<p>Estas viviendas se distinguen por su \u00f3ptima distribuci\u00f3n, funcionalidad, luminosidad, dise\u00f1o y tecnolog\u00eda, a trav\u00e9s de una construcci\u00f3n sustentable.<\/p>\n<h4>los acabados<\/h4>\n<p>Con el mar Mediterr\u00e1neo de fondo, BENALMADENA BEACH se inspira en acabados naturales que reflejan elegancia y combinan a la perfecci\u00f3n con materiales de alta calidad para crear viviendas \u00fanicas que destacan por su belleza y funcionalidad.<\/p>\n<p>Trabajamos con marcas de primera calidad.<\/p>\n<h4>el estacionamiento<\/h4>\n<p>Cada vivienda dispone de dos plazas de aparcamiento y un amplio trastero. Las plazas de aparcamiento est\u00e1n equipadas con preinstalaci\u00f3n para veh\u00edculos el\u00e9ctricos.<\/p>\n<h4>la seguridad<\/h4>\n<p>Por motivos de seguridad, la urbanizaci\u00f3n se encuentra completamente cerrada, con acceso peatonal y control de acceso por circuito cerrado de televisi\u00f3n.<\/p>\n<h4><strong>los precios<\/strong><\/h4>\n<p>Precios desde 703.000 euros \u2013 para consultar la lista actual de propiedades disponibles, precios y planos. Solicite nuestro dossier informativo con informaci\u00f3n detallada y el folleto.<\/p>\n<p>Los planos e im\u00e1genes no son jur\u00eddicamente vinculantes y pueden sufrir modificaciones por exigencias t\u00e9cnicas, legales, administrativas o por iniciativa de los arquitectos jefes, sin perjuicio de las normas de calidad. Todos los muebles tienen fines decorativos \u00fanicamente y no forman parte del proyecto ni de las especificaciones del proyecto.<\/p>\n\n\t\t<\/div>\n\t<\/div>\n<div class=\"vc_btn3-container vc_btn3-center\" ><a class=\"vc_general vc_btn3 vc_btn3-size-md vc_btn3-shape-square vc_btn3-style-modern vc_btn3-color-sandy-brown\" href=\"https:\/\/benalmadena-beach.com\/es\/mas-informacion\/\" title=\"M\u00e1s informaci\u00f3n\">M\u00c1S INFORMACI\u00d3N<\/a><\/div>\n\t<div  class=\"wpb_single_image wpb_content_element vc_align_center\">\n\t\t\n\t\t<figure class=\"wpb_wrapper vc_figure\">\n\t\t\t<div class=\"vc_single_image-wrapper   vc_box_border_grey\"><img decoding=\"async\" class=\"vc_img-placeholder vc_single_image-img\" src=\"https:\/\/benalmadena-beach.com\/wp-content\/plugins\/js_composer\/assets\/vc\/no_image.png\" \/><\/div>\n\t\t<\/figure>\n\t<\/div>\n\n\t\t<\/div>\n\t<\/div>\n\t<\/div>\n\n<\/div>\n<\/div>\n\n<div  class=\"content_row row page-content vc_row wpb_row  default-style fullwidth\" style=\"background-color: #bbac8c;\">\n\t\n\t<div class=\"content_row_wrapper  default\" >\n\t<div id=\"asdasd\" class=\"vc_col-sm-12 wpb_column vc_column_container\" >\n\t<div class=\"vc_column-inner\">\n\t\t<div class=\"wpb_wrapper\" >\n\t\t\t<div class=\"rt_heading_wrapper no-style\">\n\t\t\t\t\t\t<h1 class=\"rt_heading  no-style\"  style=\"font-size:24px;margin-top:24px;margin-bottom:0px;\">Caracter\u00edsticas - <span class=\"after_h1 white\">Playa de Benalm\u00e1dena<\/span><\/h1> \n\t\t\t\t\t<\/div><div class=\"vc_empty_space\"   style=\"height: 32px\"><span class=\"vc_empty_space_inner\"><\/span><\/div><div class=\"vc_separator wpb_content_element vc_separator_align_center vc_sep_width_100 vc_sep_style-4 vc_sep_pos_align_center vc_separator_no_text vc_sep_color_grey\" ><span class=\"vc_sep_holder vc_sep_holder_l\"><span class=\"vc_sep_line\"><\/span><\/span><span class=\"vc_sep_holder vc_sep_holder_r\"><span class=\"vc_sep_line\"><\/span><\/span>\n<\/div>\n\t<div class=\"wpb_text_column wpb_content_element\" >\n\t\t<div class=\"wpb_wrapper\">\n\t\t\t\t \n\t\t<div  class=\"bullet-list style-1  check\">\n\t\t<ul>\n<li>cocinas abiertas y adaptables<\/li>\n<li>acabados naturales con materiales de alta calidad<\/li>\n<li>\u00d3ptima distribuci\u00f3n, funcionalidad, luz, dise\u00f1o y tecnolog\u00eda.<\/li>\n<li>todas las casas tienen una plaza de aparcamiento<\/li>\n<li>construido de forma sostenible<\/li>\n<li>precios desde 703.000\u20ac.<\/li>\n<\/ul>\n\n\t\t<\/div>\n\t\n\n\t\t<\/div>\n\t<\/div>\n\n\t\t<\/div>\n\t<\/div>\n\t<\/div>\n\n<\/div>\n<\/div>\n\n<div  class=\"content_row row quote-row vc_row wpb_row  default-style fullwidth\" style=\"background-color: #fcfcfc;\">\n\t\n\t<div class=\"content_row_wrapper  fullwidth\" >\n\t<div id=\"asdasd\" class=\"vc_col-sm-12 wpb_column vc_column_container vc_custom_1644925648982\" >\n\t<div class=\"vc_column-inner\">\n\t\t<div class=\"wpb_wrapper\" >\n\t\t\t<div class=\"rt_heading_wrapper style-3\">\n\t\t\t\t\t\t<h4 class=\"rt_heading serif quote-max-width style-3\" >Solicitar paquete informativo Playa de Benalm\u00e1dena<\/h4> \n\t\t\t\t\t<\/div>\n\t\t<\/div>\n\t<\/div>\n\t<\/div>\n\n<\/div>\n<\/div>\n\n<div  class=\"content_row row vc_row wpb_row  default-style fullwidth\" >\n\t\n\t<div class=\"content_row_wrapper  default\" >\n\t<div id=\"asdasd\" class=\"vc_col-sm-12 wpb_column vc_column_container\" >\n\t<div class=\"vc_column-inner\">\n\t\t<div class=\"wpb_wrapper\" >\n\t\t\t<div class=\"button_wrapper aligncenter\"><a  href=\"\/es\/mas-informacion\/\" target=\"_self\" title=\"&gt; paquete de informaci\u00f3n\" class=\"button_  style-2 big\">&gt; paquete de informaci\u00f3n<\/a><\/div>\n\t\t<\/div>\n\t<\/div>\n\t<\/div>\n\n<\/div>\n<\/div>\n<\/section>","protected":false},"excerpt":{"rendered":"<p>\u2026 <a class=\"more-link\" href=\"https:\/\/benalmadena-beach.com\/es\/el-complejo\/\">sigue leyendo<\/a><\/p>","protected":false},"author":1,"featured_media":4093,"parent":0,"menu_order":3,"comment_status":"closed","ping_status":"closed","template":"","meta":{"footnotes":""},"class_list":["post-95","page","type-page","status-publish","has-post-thumbnail","hentry"],"yoast_head":"<!-- This site is optimized with the Yoast SEO plugin v26.0 - https:\/\/yoast.com\/wordpress\/plugins\/seo\/ -->\n<title>Over Benalm\u00e1dena Beach - Benalm\u00e1dena Beach<\/title>\n<meta name=\"robots\" content=\"index, follow, max-snippet:-1, max-image-preview:large, max-video-preview:-1\" \/>\n<link rel=\"canonical\" href=\"https:\/\/benalmadena-beach.com\/es\/el-complejo\/\" \/>\n<meta property=\"og:locale\" content=\"es_ES\" \/>\n<meta property=\"og:type\" content=\"article\" \/>\n<meta property=\"og:title\" content=\"Over Benalm\u00e1dena Beach - Benalm\u00e1dena Beach\" \/>\n<meta property=\"og:url\" content=\"https:\/\/benalmadena-beach.com\/es\/el-complejo\/\" \/>\n<meta property=\"og:site_name\" content=\"Benalm\u00e1dena Beach\" \/>\n<meta property=\"article:modified_time\" content=\"2025-04-17T14:52:46+00:00\" \/>\n<meta property=\"og:image\" content=\"https:\/\/benalmadena-beach.com\/wp-content\/uploads\/sites\/44\/2022\/03\/Benalmadena_Beach_terrace-scaled.jpg\" \/>\n\t<meta property=\"og:image:width\" content=\"2560\" \/>\n\t<meta property=\"og:image:height\" content=\"1847\" \/>\n\t<meta property=\"og:image:type\" content=\"image\/jpeg\" \/>\n<meta name=\"twitter:card\" content=\"summary_large_image\" \/>\n<meta name=\"twitter:label1\" content=\"Tiempo de lectura\" \/>\n\t<meta name=\"twitter:data1\" content=\"3 minutos\" \/>\n<script type=\"application\/ld+json\" class=\"yoast-schema-graph\">{\"@context\":\"https:\/\/schema.org\",\"@graph\":[{\"@type\":\"WebPage\",\"@id\":\"https:\/\/benalmadena-beach.com\/het-complex\/\",\"url\":\"https:\/\/benalmadena-beach.com\/het-complex\/\",\"name\":\"Over Benalm\u00e1dena Beach - Benalm\u00e1dena Beach\",\"isPartOf\":{\"@id\":\"https:\/\/benalmadena-beach.com\/#website\"},\"primaryImageOfPage\":{\"@id\":\"https:\/\/benalmadena-beach.com\/het-complex\/#primaryimage\"},\"image\":{\"@id\":\"https:\/\/benalmadena-beach.com\/het-complex\/#primaryimage\"},\"thumbnailUrl\":\"https:\/\/benalmadena-beach.com\/wp-content\/uploads\/sites\/44\/2022\/03\/Benalmadena_Beach_terrace-scaled.jpg\",\"datePublished\":\"2022-01-27T10:58:29+00:00\",\"dateModified\":\"2025-04-17T14:52:46+00:00\",\"breadcrumb\":{\"@id\":\"https:\/\/benalmadena-beach.com\/het-complex\/#breadcrumb\"},\"inLanguage\":\"es\",\"potentialAction\":[{\"@type\":\"ReadAction\",\"target\":[\"https:\/\/benalmadena-beach.com\/het-complex\/\"]}]},{\"@type\":\"ImageObject\",\"inLanguage\":\"es\",\"@id\":\"https:\/\/benalmadena-beach.com\/het-complex\/#primaryimage\",\"url\":\"https:\/\/benalmadena-beach.com\/wp-content\/uploads\/sites\/44\/2022\/03\/Benalmadena_Beach_terrace-scaled.jpg\",\"contentUrl\":\"https:\/\/benalmadena-beach.com\/wp-content\/uploads\/sites\/44\/2022\/03\/Benalmadena_Beach_terrace-scaled.jpg\",\"width\":2560,\"height\":1847},{\"@type\":\"BreadcrumbList\",\"@id\":\"https:\/\/benalmadena-beach.com\/het-complex\/#breadcrumb\",\"itemListElement\":[{\"@type\":\"ListItem\",\"position\":1,\"name\":\"Home\",\"item\":\"https:\/\/benalmadena-beach.com\/\"},{\"@type\":\"ListItem\",\"position\":2,\"name\":\"Over Benalm\u00e1dena Beach\"}]},{\"@type\":\"WebSite\",\"@id\":\"https:\/\/benalmadena-beach.com\/#website\",\"url\":\"https:\/\/benalmadena-beach.com\/\",\"name\":\"Benalm\u00e1dena Beach\",\"description\":\"\",\"potentialAction\":[{\"@type\":\"SearchAction\",\"target\":{\"@type\":\"EntryPoint\",\"urlTemplate\":\"https:\/\/benalmadena-beach.com\/?s={search_term_string}\"},\"query-input\":{\"@type\":\"PropertyValueSpecification\",\"valueRequired\":true,\"valueName\":\"search_term_string\"}}],\"inLanguage\":\"es\"}]}<\/script>\n<!-- \/ Yoast SEO plugin. -->","yoast_head_json":{"title":"Sobre la Playa de Benalm\u00e1dena - Playa de Benalm\u00e1dena","robots":{"index":"index","follow":"follow","max-snippet":"max-snippet:-1","max-image-preview":"max-image-preview:large","max-video-preview":"max-video-preview:-1"},"canonical":"https:\/\/benalmadena-beach.com\/es\/el-complejo\/","og_locale":"es_ES","og_type":"article","og_title":"Over Benalm\u00e1dena Beach - Benalm\u00e1dena Beach","og_url":"https:\/\/benalmadena-beach.com\/es\/el-complejo\/","og_site_name":"Benalm\u00e1dena Beach","article_modified_time":"2025-04-17T14:52:46+00:00","og_image":[{"width":2560,"height":1847,"url":"https:\/\/benalmadena-beach.com\/wp-content\/uploads\/sites\/44\/2022\/03\/Benalmadena_Beach_terrace-scaled.jpg","type":"image\/jpeg"}],"twitter_card":"summary_large_image","twitter_misc":{"Tiempo de lectura":"3 minutos"},"schema":{"@context":"https:\/\/schema.org","@graph":[{"@type":"WebPage","@id":"https:\/\/benalmadena-beach.com\/het-complex\/","url":"https:\/\/benalmadena-beach.com\/het-complex\/","name":"Sobre la Playa de Benalm\u00e1dena - Playa de Benalm\u00e1dena","isPartOf":{"@id":"https:\/\/benalmadena-beach.com\/#website"},"primaryImageOfPage":{"@id":"https:\/\/benalmadena-beach.com\/het-complex\/#primaryimage"},"image":{"@id":"https:\/\/benalmadena-beach.com\/het-complex\/#primaryimage"},"thumbnailUrl":"https:\/\/benalmadena-beach.com\/wp-content\/uploads\/sites\/44\/2022\/03\/Benalmadena_Beach_terrace-scaled.jpg","datePublished":"2022-01-27T10:58:29+00:00","dateModified":"2025-04-17T14:52:46+00:00","breadcrumb":{"@id":"https:\/\/benalmadena-beach.com\/het-complex\/#breadcrumb"},"inLanguage":"es","potentialAction":[{"@type":"ReadAction","target":["https:\/\/benalmadena-beach.com\/het-complex\/"]}]},{"@type":"ImageObject","inLanguage":"es","@id":"https:\/\/benalmadena-beach.com\/het-complex\/#primaryimage","url":"https:\/\/benalmadena-beach.com\/wp-content\/uploads\/sites\/44\/2022\/03\/Benalmadena_Beach_terrace-scaled.jpg","contentUrl":"https:\/\/benalmadena-beach.com\/wp-content\/uploads\/sites\/44\/2022\/03\/Benalmadena_Beach_terrace-scaled.jpg","width":2560,"height":1847},{"@type":"BreadcrumbList","@id":"https:\/\/benalmadena-beach.com\/het-complex\/#breadcrumb","itemListElement":[{"@type":"ListItem","position":1,"name":"Home","item":"https:\/\/benalmadena-beach.com\/"},{"@type":"ListItem","position":2,"name":"Over Benalm\u00e1dena Beach"}]},{"@type":"WebSite","@id":"https:\/\/benalmadena-beach.com\/#website","url":"https:\/\/benalmadena-beach.com\/","name":"Playa de Benalm\u00e1dena","description":"","potentialAction":[{"@type":"SearchAction","target":{"@type":"EntryPoint","urlTemplate":"https:\/\/benalmadena-beach.com\/?s={search_term_string}"},"query-input":{"@type":"PropertyValueSpecification","valueRequired":true,"valueName":"search_term_string"}}],"inLanguage":"es"}]}},"_links":{"self":[{"href":"https:\/\/benalmadena-beach.com\/es\/wp-json\/wp\/v2\/pages\/95","targetHints":{"allow":["GET"]}}],"collection":[{"href":"https:\/\/benalmadena-beach.com\/es\/wp-json\/wp\/v2\/pages"}],"about":[{"href":"https:\/\/benalmadena-beach.com\/es\/wp-json\/wp\/v2\/types\/page"}],"author":[{"embeddable":true,"href":"https:\/\/benalmadena-beach.com\/es\/wp-json\/wp\/v2\/users\/1"}],"replies":[{"embeddable":true,"href":"https:\/\/benalmadena-beach.com\/es\/wp-json\/wp\/v2\/comments?post=95"}],"version-history":[{"count":42,"href":"https:\/\/benalmadena-beach.com\/es\/wp-json\/wp\/v2\/pages\/95\/revisions"}],"predecessor-version":[{"id":4167,"href":"https:\/\/benalmadena-beach.com\/es\/wp-json\/wp\/v2\/pages\/95\/revisions\/4167"}],"wp:featuredmedia":[{"embeddable":true,"href":"https:\/\/benalmadena-beach.com\/es\/wp-json\/wp\/v2\/media\/4093"}],"wp:attachment":[{"href":"https:\/\/benalmadena-beach.com\/es\/wp-json\/wp\/v2\/media?parent=95"}],"curies":[{"name":"wp","href":"https:\/\/api.w.org\/{rel}","templated":true}]}}