{"id":95,"date":"2022-01-27T10:58:29","date_gmt":"2022-01-27T10:58:29","guid":{"rendered":"http:\/\/cognito.mprinsdesign.nl\/?page_id=95"},"modified":"2025-04-17T14:52:46","modified_gmt":"2025-04-17T14:52:46","slug":"le-complexe","status":"publish","type":"page","link":"https:\/\/benalmadena-beach.com\/fr\/le-complexe\/","title":{"rendered":"\u00c0 propos de la plage de Benalm\u00e1dena"},"content":{"rendered":"<section class=\"wpb-content-wrapper\"><div  class=\"content_row row page-content vc_row wpb_row  default-style fullwidth\" >\n\t\n\t<div class=\"content_row_wrapper  default\" >\n\t<div id=\"asdasd\" class=\"vc_col-sm-12 wpb_column vc_column_container\" >\n\t<div class=\"vc_column-inner\">\n\t\t<div class=\"wpb_wrapper\" >\n\t\t\t<div class=\"rt_heading_wrapper no-style\">\n\t\t\t\t\t\t<h1 class=\"rt_heading  no-style\"  style=\"font-size:24px;margin-top:24px;margin-bottom:0px;\">Plage de Benalm\u00e1dena \u2013 <span class=\"after_h1\">Une combinaison parfaite d&#039;architecture, de confort et d&#039;intimit\u00e9 dans la maison.<\/span><\/h1> \n\t\t\t\t\t<\/div><div class=\"vc_empty_space\"   style=\"height: 32px\"><span class=\"vc_empty_space_inner\"><\/span><\/div><div class=\"vc_separator wpb_content_element vc_separator_align_center vc_sep_width_100 vc_sep_style-4 vc_sep_pos_align_center vc_separator_no_text vc_sep_color_grey\" ><span class=\"vc_sep_holder vc_sep_holder_l\"><span class=\"vc_sep_line\"><\/span><\/span><span class=\"vc_sep_holder vc_sep_holder_r\"><span class=\"vc_sep_line\"><\/span><\/span>\n<\/div><div class=\"vc_empty_space\"   style=\"height: 32px\"><span class=\"vc_empty_space_inner\"><\/span><\/div>\n\t<div class=\"wpb_text_column wpb_content_element\" >\n\t\t<div class=\"wpb_wrapper\">\n\t\t\t<h4>L&#039;architecte<\/h4>\n<p>L&#039;architecture avant-gardiste de BENALMADENA BEACH \u00e9limine pratiquement toute barri\u00e8re entre l&#039;int\u00e9rieur et l&#039;ext\u00e9rieur, vous permettant de profiter de l&#039;horizon dans le confort de votre foyer.<\/p>\n<h4>La notion<\/h4>\n<p>Une combinaison parfaite d&#039;architecture, de confort et d&#039;intimit\u00e9 dans la maison, associ\u00e9e aux services d&#039;un complexe de haute qualit\u00e9 qui vous offre la possibilit\u00e9 de vivre en harmonie avec la nature.<\/p>\n<h4>La conception<\/h4>\n<p>Ces maisons se distinguent par leur distribution optimale, leur fonctionnalit\u00e9, leur lumi\u00e8re, leur design et leur technologie, gr\u00e2ce \u00e0 une construction durable.<\/p>\n<h4>Les finitions<\/h4>\n<p>Avec en toile de fond la mer M\u00e9diterran\u00e9e, BENALMADENA BEACH s&#039;inspire de finitions naturelles qui refl\u00e8tent l&#039;\u00e9l\u00e9gance et se marient parfaitement avec des mat\u00e9riaux de haute qualit\u00e9 pour cr\u00e9er des maisons uniques qui se distinguent par leur beaut\u00e9 et leur fonctionnalit\u00e9.<\/p>\n<p>Nous travaillons avec des marques de premi\u00e8re qualit\u00e9.<\/p>\n<h4>Le parking<\/h4>\n<p>Chaque maison dispose de deux places de parking et d&#039;un d\u00e9barras spacieux. Les places de parking sont \u00e9quip\u00e9es d&#039;une pr\u00e9-installation pour les v\u00e9hicules \u00e9lectriques.<\/p>\n<h4>La s\u00e9curit\u00e9<\/h4>\n<p>Pour des raisons de s\u00e9curit\u00e9, l&#039;urbanisation est enti\u00e8rement ferm\u00e9e, avec acc\u00e8s pi\u00e9ton et contr\u00f4le d&#039;acc\u00e8s par t\u00e9l\u00e9vision en circuit ferm\u00e9.<\/p>\n<h4><strong>Les prix<\/strong><\/h4>\n<p>Prix \u00e0 partir de 703 000 euros \u2013 pour la liste actuelle des propri\u00e9t\u00e9s disponibles, des prix et des plans d&#039;\u00e9tage. Demandez notre pack d&#039;information avec des informations d\u00e9taill\u00e9es et la brochure.<\/p>\n<p>Les plans et images ne sont pas juridiquement contraignants et peuvent subir des modifications en raison d&#039;exigences techniques, l\u00e9gales, administratives ou \u00e0 l&#039;initiative des architectes en chef, sans pr\u00e9judice des normes de qualit\u00e9. Tous les meubles sont uniquement destin\u00e9s \u00e0 des fins d\u00e9coratives et ne font pas partie du projet ou des sp\u00e9cifications du projet.<\/p>\n\n\t\t<\/div>\n\t<\/div>\n<div class=\"vc_btn3-container vc_btn3-center\" ><a class=\"vc_general vc_btn3 vc_btn3-size-md vc_btn3-shape-square vc_btn3-style-modern vc_btn3-color-sandy-brown\" href=\"https:\/\/benalmadena-beach.com\/fr\/plus-dinformation\/\" title=\"Plus d&#039;information\">PLUS D&#039;INFOS<\/a><\/div>\n\t<div  class=\"wpb_single_image wpb_content_element vc_align_center\">\n\t\t\n\t\t<figure class=\"wpb_wrapper vc_figure\">\n\t\t\t<div class=\"vc_single_image-wrapper   vc_box_border_grey\"><img decoding=\"async\" class=\"vc_img-placeholder vc_single_image-img\" src=\"https:\/\/benalmadena-beach.com\/wp-content\/plugins\/js_composer\/assets\/vc\/no_image.png\" \/><\/div>\n\t\t<\/figure>\n\t<\/div>\n\n\t\t<\/div>\n\t<\/div>\n\t<\/div>\n\n<\/div>\n<\/div>\n\n<div  class=\"content_row row page-content vc_row wpb_row  default-style fullwidth\" style=\"background-color: #bbac8c;\">\n\t\n\t<div class=\"content_row_wrapper  default\" >\n\t<div id=\"asdasd\" class=\"vc_col-sm-12 wpb_column vc_column_container\" >\n\t<div class=\"vc_column-inner\">\n\t\t<div class=\"wpb_wrapper\" >\n\t\t\t<div class=\"rt_heading_wrapper no-style\">\n\t\t\t\t\t\t<h1 class=\"rt_heading  no-style\"  style=\"font-size:24px;margin-top:24px;margin-bottom:0px;\">Fonctionnalit\u00e9s - <span class=\"after_h1 white\">Plage de Benalm\u00e1dena<\/span><\/h1> \n\t\t\t\t\t<\/div><div class=\"vc_empty_space\"   style=\"height: 32px\"><span class=\"vc_empty_space_inner\"><\/span><\/div><div class=\"vc_separator wpb_content_element vc_separator_align_center vc_sep_width_100 vc_sep_style-4 vc_sep_pos_align_center vc_separator_no_text vc_sep_color_grey\" ><span class=\"vc_sep_holder vc_sep_holder_l\"><span class=\"vc_sep_line\"><\/span><\/span><span class=\"vc_sep_holder vc_sep_holder_r\"><span class=\"vc_sep_line\"><\/span><\/span>\n<\/div>\n\t<div class=\"wpb_text_column wpb_content_element\" >\n\t\t<div class=\"wpb_wrapper\">\n\t\t\t\t \n\t\t<div  class=\"bullet-list style-1  check\">\n\t\t<ul>\n<li>cuisines ouvertes et adaptables<\/li>\n<li>finitions naturelles avec des mat\u00e9riaux de haute qualit\u00e9<\/li>\n<li>distribution, fonctionnalit\u00e9, lumi\u00e8re, design et technologie optimales<\/li>\n<li>toutes les maisons ont une place de parking<\/li>\n<li>construit de mani\u00e8re durable<\/li>\n<li>prix \u00e0 partir de 703 000 \u20ac.<\/li>\n<\/ul>\n\n\t\t<\/div>\n\t\n\n\t\t<\/div>\n\t<\/div>\n\n\t\t<\/div>\n\t<\/div>\n\t<\/div>\n\n<\/div>\n<\/div>\n\n<div  class=\"content_row row quote-row vc_row wpb_row  default-style fullwidth\" style=\"background-color: #fcfcfc;\">\n\t\n\t<div class=\"content_row_wrapper  fullwidth\" >\n\t<div id=\"asdasd\" class=\"vc_col-sm-12 wpb_column vc_column_container vc_custom_1644925648982\" >\n\t<div class=\"vc_column-inner\">\n\t\t<div class=\"wpb_wrapper\" >\n\t\t\t<div class=\"rt_heading_wrapper style-3\">\n\t\t\t\t\t\t<h4 class=\"rt_heading serif quote-max-width style-3\" >Demander le dossier d&#039;information sur la plage de Benalm\u00e1dena<\/h4> \n\t\t\t\t\t<\/div>\n\t\t<\/div>\n\t<\/div>\n\t<\/div>\n\n<\/div>\n<\/div>\n\n<div  class=\"content_row row vc_row wpb_row  default-style fullwidth\" >\n\t\n\t<div class=\"content_row_wrapper  default\" >\n\t<div id=\"asdasd\" class=\"vc_col-sm-12 wpb_column vc_column_container\" >\n\t<div class=\"vc_column-inner\">\n\t\t<div class=\"wpb_wrapper\" >\n\t\t\t<div class=\"button_wrapper aligncenter\"><a  href=\"\/fr\/plus-dinformation\/\" target=\"_self\" title=\"&gt; dossier d&#039;information\" class=\"button_  style-2 big\">&gt; dossier d&#039;information<\/a><\/div>\n\t\t<\/div>\n\t<\/div>\n\t<\/div>\n\n<\/div>\n<\/div>\n<\/section>","protected":false},"excerpt":{"rendered":"<p>\u2026 <a class=\"more-link\" href=\"https:\/\/benalmadena-beach.com\/fr\/le-complexe\/\">continuer la lecture<\/a><\/p>","protected":false},"author":1,"featured_media":4093,"parent":0,"menu_order":3,"comment_status":"closed","ping_status":"closed","template":"","meta":{"footnotes":""},"class_list":["post-95","page","type-page","status-publish","has-post-thumbnail","hentry"],"yoast_head":"<!-- This site is optimized with the Yoast SEO plugin v26.0 - https:\/\/yoast.com\/wordpress\/plugins\/seo\/ -->\n<title>Over Benalm\u00e1dena Beach - Benalm\u00e1dena Beach<\/title>\n<meta name=\"robots\" content=\"index, follow, max-snippet:-1, max-image-preview:large, max-video-preview:-1\" \/>\n<link rel=\"canonical\" href=\"https:\/\/benalmadena-beach.com\/fr\/le-complexe\/\" \/>\n<meta property=\"og:locale\" content=\"fr_FR\" \/>\n<meta property=\"og:type\" content=\"article\" \/>\n<meta property=\"og:title\" content=\"Over Benalm\u00e1dena Beach - Benalm\u00e1dena Beach\" \/>\n<meta property=\"og:url\" content=\"https:\/\/benalmadena-beach.com\/fr\/le-complexe\/\" \/>\n<meta property=\"og:site_name\" content=\"Benalm\u00e1dena Beach\" \/>\n<meta property=\"article:modified_time\" content=\"2025-04-17T14:52:46+00:00\" \/>\n<meta property=\"og:image\" content=\"https:\/\/benalmadena-beach.com\/wp-content\/uploads\/sites\/44\/2022\/03\/Benalmadena_Beach_terrace-scaled.jpg\" \/>\n\t<meta property=\"og:image:width\" content=\"2560\" \/>\n\t<meta property=\"og:image:height\" content=\"1847\" \/>\n\t<meta property=\"og:image:type\" content=\"image\/jpeg\" \/>\n<meta name=\"twitter:card\" content=\"summary_large_image\" \/>\n<meta name=\"twitter:label1\" content=\"Dur\u00e9e de lecture estim\u00e9e\" \/>\n\t<meta name=\"twitter:data1\" content=\"3 minutes\" \/>\n<script type=\"application\/ld+json\" class=\"yoast-schema-graph\">{\"@context\":\"https:\/\/schema.org\",\"@graph\":[{\"@type\":\"WebPage\",\"@id\":\"https:\/\/benalmadena-beach.com\/het-complex\/\",\"url\":\"https:\/\/benalmadena-beach.com\/het-complex\/\",\"name\":\"Over Benalm\u00e1dena Beach - Benalm\u00e1dena Beach\",\"isPartOf\":{\"@id\":\"https:\/\/benalmadena-beach.com\/#website\"},\"primaryImageOfPage\":{\"@id\":\"https:\/\/benalmadena-beach.com\/het-complex\/#primaryimage\"},\"image\":{\"@id\":\"https:\/\/benalmadena-beach.com\/het-complex\/#primaryimage\"},\"thumbnailUrl\":\"https:\/\/benalmadena-beach.com\/wp-content\/uploads\/sites\/44\/2022\/03\/Benalmadena_Beach_terrace-scaled.jpg\",\"datePublished\":\"2022-01-27T10:58:29+00:00\",\"dateModified\":\"2025-04-17T14:52:46+00:00\",\"breadcrumb\":{\"@id\":\"https:\/\/benalmadena-beach.com\/het-complex\/#breadcrumb\"},\"inLanguage\":\"fr-FR\",\"potentialAction\":[{\"@type\":\"ReadAction\",\"target\":[\"https:\/\/benalmadena-beach.com\/het-complex\/\"]}]},{\"@type\":\"ImageObject\",\"inLanguage\":\"fr-FR\",\"@id\":\"https:\/\/benalmadena-beach.com\/het-complex\/#primaryimage\",\"url\":\"https:\/\/benalmadena-beach.com\/wp-content\/uploads\/sites\/44\/2022\/03\/Benalmadena_Beach_terrace-scaled.jpg\",\"contentUrl\":\"https:\/\/benalmadena-beach.com\/wp-content\/uploads\/sites\/44\/2022\/03\/Benalmadena_Beach_terrace-scaled.jpg\",\"width\":2560,\"height\":1847},{\"@type\":\"BreadcrumbList\",\"@id\":\"https:\/\/benalmadena-beach.com\/het-complex\/#breadcrumb\",\"itemListElement\":[{\"@type\":\"ListItem\",\"position\":1,\"name\":\"Home\",\"item\":\"https:\/\/benalmadena-beach.com\/\"},{\"@type\":\"ListItem\",\"position\":2,\"name\":\"Over Benalm\u00e1dena Beach\"}]},{\"@type\":\"WebSite\",\"@id\":\"https:\/\/benalmadena-beach.com\/#website\",\"url\":\"https:\/\/benalmadena-beach.com\/\",\"name\":\"Benalm\u00e1dena Beach\",\"description\":\"\",\"potentialAction\":[{\"@type\":\"SearchAction\",\"target\":{\"@type\":\"EntryPoint\",\"urlTemplate\":\"https:\/\/benalmadena-beach.com\/?s={search_term_string}\"},\"query-input\":{\"@type\":\"PropertyValueSpecification\",\"valueRequired\":true,\"valueName\":\"search_term_string\"}}],\"inLanguage\":\"fr-FR\"}]}<\/script>\n<!-- \/ Yoast SEO plugin. -->","yoast_head_json":{"title":"\u00c0 propos de la plage de Benalm\u00e1dena - Plage de Benalm\u00e1dena","robots":{"index":"index","follow":"follow","max-snippet":"max-snippet:-1","max-image-preview":"max-image-preview:large","max-video-preview":"max-video-preview:-1"},"canonical":"https:\/\/benalmadena-beach.com\/fr\/le-complexe\/","og_locale":"fr_FR","og_type":"article","og_title":"Over Benalm\u00e1dena Beach - Benalm\u00e1dena Beach","og_url":"https:\/\/benalmadena-beach.com\/fr\/le-complexe\/","og_site_name":"Benalm\u00e1dena Beach","article_modified_time":"2025-04-17T14:52:46+00:00","og_image":[{"width":2560,"height":1847,"url":"https:\/\/benalmadena-beach.com\/wp-content\/uploads\/sites\/44\/2022\/03\/Benalmadena_Beach_terrace-scaled.jpg","type":"image\/jpeg"}],"twitter_card":"summary_large_image","twitter_misc":{"Dur\u00e9e de lecture estim\u00e9e":"3 minutes"},"schema":{"@context":"https:\/\/schema.org","@graph":[{"@type":"WebPage","@id":"https:\/\/benalmadena-beach.com\/het-complex\/","url":"https:\/\/benalmadena-beach.com\/het-complex\/","name":"\u00c0 propos de la plage de Benalm\u00e1dena - Plage de Benalm\u00e1dena","isPartOf":{"@id":"https:\/\/benalmadena-beach.com\/#website"},"primaryImageOfPage":{"@id":"https:\/\/benalmadena-beach.com\/het-complex\/#primaryimage"},"image":{"@id":"https:\/\/benalmadena-beach.com\/het-complex\/#primaryimage"},"thumbnailUrl":"https:\/\/benalmadena-beach.com\/wp-content\/uploads\/sites\/44\/2022\/03\/Benalmadena_Beach_terrace-scaled.jpg","datePublished":"2022-01-27T10:58:29+00:00","dateModified":"2025-04-17T14:52:46+00:00","breadcrumb":{"@id":"https:\/\/benalmadena-beach.com\/het-complex\/#breadcrumb"},"inLanguage":"fr-FR","potentialAction":[{"@type":"ReadAction","target":["https:\/\/benalmadena-beach.com\/het-complex\/"]}]},{"@type":"ImageObject","inLanguage":"fr-FR","@id":"https:\/\/benalmadena-beach.com\/het-complex\/#primaryimage","url":"https:\/\/benalmadena-beach.com\/wp-content\/uploads\/sites\/44\/2022\/03\/Benalmadena_Beach_terrace-scaled.jpg","contentUrl":"https:\/\/benalmadena-beach.com\/wp-content\/uploads\/sites\/44\/2022\/03\/Benalmadena_Beach_terrace-scaled.jpg","width":2560,"height":1847},{"@type":"BreadcrumbList","@id":"https:\/\/benalmadena-beach.com\/het-complex\/#breadcrumb","itemListElement":[{"@type":"ListItem","position":1,"name":"Home","item":"https:\/\/benalmadena-beach.com\/"},{"@type":"ListItem","position":2,"name":"Over Benalm\u00e1dena Beach"}]},{"@type":"WebSite","@id":"https:\/\/benalmadena-beach.com\/#website","url":"https:\/\/benalmadena-beach.com\/","name":"Plage de Benalm\u00e1dena","description":"","potentialAction":[{"@type":"SearchAction","target":{"@type":"EntryPoint","urlTemplate":"https:\/\/benalmadena-beach.com\/?s={search_term_string}"},"query-input":{"@type":"PropertyValueSpecification","valueRequired":true,"valueName":"search_term_string"}}],"inLanguage":"fr-FR"}]}},"_links":{"self":[{"href":"https:\/\/benalmadena-beach.com\/fr\/wp-json\/wp\/v2\/pages\/95","targetHints":{"allow":["GET"]}}],"collection":[{"href":"https:\/\/benalmadena-beach.com\/fr\/wp-json\/wp\/v2\/pages"}],"about":[{"href":"https:\/\/benalmadena-beach.com\/fr\/wp-json\/wp\/v2\/types\/page"}],"author":[{"embeddable":true,"href":"https:\/\/benalmadena-beach.com\/fr\/wp-json\/wp\/v2\/users\/1"}],"replies":[{"embeddable":true,"href":"https:\/\/benalmadena-beach.com\/fr\/wp-json\/wp\/v2\/comments?post=95"}],"version-history":[{"count":42,"href":"https:\/\/benalmadena-beach.com\/fr\/wp-json\/wp\/v2\/pages\/95\/revisions"}],"predecessor-version":[{"id":4167,"href":"https:\/\/benalmadena-beach.com\/fr\/wp-json\/wp\/v2\/pages\/95\/revisions\/4167"}],"wp:featuredmedia":[{"embeddable":true,"href":"https:\/\/benalmadena-beach.com\/fr\/wp-json\/wp\/v2\/media\/4093"}],"wp:attachment":[{"href":"https:\/\/benalmadena-beach.com\/fr\/wp-json\/wp\/v2\/media?parent=95"}],"curies":[{"name":"wp","href":"https:\/\/api.w.org\/{rel}","templated":true}]}}