{"id":97,"date":"2022-01-27T10:58:35","date_gmt":"2022-01-27T10:58:35","guid":{"rendered":"http:\/\/cognito.mprinsdesign.nl\/?page_id=97"},"modified":"2024-10-15T10:07:02","modified_gmt":"2024-10-15T10:07:02","slug":"lieu","status":"publish","type":"page","link":"https:\/\/benalmadena-beach.com\/fr\/lieu\/","title":{"rendered":"lieu"},"content":{"rendered":"<section class=\"wpb-content-wrapper\"><div  class=\"content_row row page-content vc_row wpb_row  default-style fullwidth\" >\n\t\n\t<div class=\"content_row_wrapper  default\" >\n\t<div id=\"asdasd\" class=\"vc_col-sm-12 wpb_column vc_column_container\" >\n\t<div class=\"vc_column-inner\">\n\t\t<div class=\"wpb_wrapper\" >\n\t\t\t<div class=\"rt_heading_wrapper no-style\">\n\t\t\t\t\t\t<h1 class=\"rt_heading  no-style\"  style=\"font-size:24px;margin-top:24px;margin-bottom:0px;\">Lieu - <span class=\"after_h1\">Plage de Benalm\u00e1dena<\/span><\/h1> \n\t\t\t\t\t<\/div><div class=\"vc_empty_space\"   style=\"height: 32px\"><span class=\"vc_empty_space_inner\"><\/span><\/div><div class=\"vc_separator wpb_content_element vc_separator_align_center vc_sep_width_100 vc_sep_style-4 vc_sep_pos_align_center vc_separator_no_text vc_sep_color_grey\" ><span class=\"vc_sep_holder vc_sep_holder_l\"><span class=\"vc_sep_line\"><\/span><\/span><span class=\"vc_sep_holder vc_sep_holder_r\"><span class=\"vc_sep_line\"><\/span><\/span>\n<\/div>\n\t<div class=\"wpb_text_column wpb_content_element\" >\n\t\t<div class=\"wpb_wrapper\">\n\t\t\t<p>Id\u00e9alement situ\u00e9 \u00e0 quelques centaines de m\u00e8tres de la plage. Malaga \u00e0 20 km, Fuengirola \u00e0 6 km. \u00c0 proximit\u00e9 de plusieurs terrains de golf, du Coll\u00e8ge International de Benalm\u00e1dena et de la gare de Torremuelle de la ligne C1 qui longe la c\u00f4te. Id\u00e9al pour visiter le centre de Malaga, l&#039;a\u00e9roport ou l&#039;une des autres villes c\u00f4ti\u00e8res sans voiture.<\/p>\n<p>Il y a de nombreuses choses \u00e0 faire \u00e0 moins de quinze minutes en voiture, comme :<\/p>\n<p><a href=\"https:\/\/www.tripadvisor.es\/Attraction_Review-g562812-d2013574-Reviews-Parque_De_La_Paloma-Benalmadena_Costa_del_Sol_Province_of_Malaga_Andalucia.html\" target=\"_blank\" rel=\"noopener\"><strong>Parc de la Paloma<\/strong><\/a>: Un magnifique parc avec des lacs, des cascades et une vari\u00e9t\u00e9 de plantes et d&#039;animaux. Id\u00e9al pour une promenade ou un pique-nique.<\/p>\n<p><a href=\"https:\/\/www.selwomarina.es\/en\" target=\"_blank\" rel=\"noopener\"><strong>Selwo Marina<\/strong><\/a>: Un parc \u00e0 th\u00e8me marin o\u00f9 vous pourrez observer des animaux comme des dauphins, des lions de mer et des oiseaux exotiques. Il propose \u00e9galement des spectacles et des activit\u00e9s p\u00e9dagogiques.<\/p>\n<p><a href=\"https:\/\/www.telefericobenalmadena.com\/\" target=\"_blank\" rel=\"noopener\"><strong>T\u00e9l\u00e9f\u00e9rique de Benalm\u00e1dena<\/strong><\/a>: Un t\u00e9l\u00e9ph\u00e9rique qui vous emm\u00e8ne au sommet du Monte Calamorro, avec de belles vues sur la c\u00f4te et des possibilit\u00e9s de promenades et d&#039;activit\u00e9s d&#039;aventure.<\/p>\n<p><a href=\"https:\/\/www.castillomonumentocolomares.com\/\" target=\"_blank\" rel=\"noopener\"><strong>Ch\u00e2teau de Colomares<\/strong><\/a>: Un ch\u00e2teau impressionnant construit en l&#039;honneur de Christophe Colomb. C&#039;est un monument architectural unique avec de beaux d\u00e9tails.<\/p>\n<p><a href=\"https:\/\/malaga.nl\/activiteiten\/tivoli-world\/\" target=\"_blank\" rel=\"noopener\"><strong>Monde Tivoli<\/strong><\/a>: Un parc d&#039;attractions avec man\u00e8ges et spectacles, id\u00e9al pour les familles et une journ\u00e9e ludique.<\/p>\n<p><strong>Village de Benalm\u00e1dena<\/strong>: La vieille ville de Benalm\u00e1dena, charmant village blanc avec ses ruelles \u00e9troites, ses commerces de proximit\u00e9 et ses belles vues sur la mer.<\/p>\n\n\t\t<\/div>\n\t<\/div>\n\n\t\t<\/div>\n\t<\/div>\n\t<\/div>\n\n<\/div>\n<\/div>\n\n<div  class=\"content_row row room-list vc_row wpb_row  default-style fullwidth\" >\n\t\n\t<div class=\"content_row_wrapper  fullwidth\" >\n\t<div id=\"asdasd\" class=\"vc_col-sm-12 wpb_column vc_column_container\" >\n\t<div class=\"vc_column-inner\">\n\t\t<div class=\"wpb_wrapper\" >\n\t\t\t<div class=\"google_map_holder\" data-height=\"300\" data-scope=\"#map-217448\" data-bw=\"\">\n\n\t\t\t<div id=\"map-217448\" class=\"google_map\"><\/div>\n\t\t\t<script type=\"text\/javascript\">\n\t\t\t \/* <![CDATA[ *\/ \n\t\t\t\t\/\/ Runs google maps\t\n\t\t\t\t\tjQuery(function() {\n\t\t\t\t\t\tjQuery(\"#map-217448\").rt_maps([[\"Benalmadena Beach\", 36.58300026743243, -4.558987702386189, 4,\"\"],],10); \n\t\t\t\t\t});\n\t\t\t\/* ]]> *\/\t\n\t\t\t<\/script>\n\n\t\t<\/div><div class=\"vc_empty_space\"   style=\"height: 180px\"><span class=\"vc_empty_space_inner\"><\/span><\/div>\n\t\t<\/div>\n\t<\/div>\n\t<\/div>\n\n<\/div>\n<\/div>\n<\/section>","protected":false},"excerpt":{"rendered":"<p>\u2026 <a class=\"more-link\" href=\"https:\/\/benalmadena-beach.com\/fr\/lieu\/\">continuer la lecture<\/a><\/p>","protected":false},"author":1,"featured_media":4087,"parent":0,"menu_order":5,"comment_status":"closed","ping_status":"closed","template":"","meta":{"footnotes":""},"class_list":["post-97","page","type-page","status-publish","has-post-thumbnail","hentry"],"yoast_head":"<!-- This site is optimized with the Yoast SEO plugin v26.0 - https:\/\/yoast.com\/wordpress\/plugins\/seo\/ -->\n<title>Locatie - Benalm\u00e1dena Beach<\/title>\n<meta name=\"robots\" content=\"index, follow, max-snippet:-1, max-image-preview:large, max-video-preview:-1\" \/>\n<link rel=\"canonical\" href=\"https:\/\/benalmadena-beach.com\/fr\/lieu\/\" \/>\n<meta property=\"og:locale\" content=\"fr_FR\" \/>\n<meta property=\"og:type\" content=\"article\" \/>\n<meta property=\"og:title\" content=\"Locatie - Benalm\u00e1dena Beach\" \/>\n<meta property=\"og:url\" content=\"https:\/\/benalmadena-beach.com\/fr\/lieu\/\" \/>\n<meta property=\"og:site_name\" content=\"Benalm\u00e1dena Beach\" \/>\n<meta property=\"article:modified_time\" content=\"2024-10-15T10:07:02+00:00\" \/>\n<meta property=\"og:image\" content=\"https:\/\/benalmadena-beach.com\/wp-content\/uploads\/sites\/44\/2022\/03\/Benalmadena-Beach-_object-scaled.jpg\" \/>\n\t<meta property=\"og:image:width\" content=\"2560\" \/>\n\t<meta property=\"og:image:height\" content=\"1440\" \/>\n\t<meta property=\"og:image:type\" content=\"image\/jpeg\" \/>\n<meta name=\"twitter:card\" content=\"summary_large_image\" \/>\n<meta name=\"twitter:label1\" content=\"Dur\u00e9e de lecture estim\u00e9e\" \/>\n\t<meta name=\"twitter:data1\" content=\"2 minutes\" \/>\n<script type=\"application\/ld+json\" class=\"yoast-schema-graph\">{\"@context\":\"https:\/\/schema.org\",\"@graph\":[{\"@type\":\"WebPage\",\"@id\":\"https:\/\/benalmadena-beach.com\/locatie\/\",\"url\":\"https:\/\/benalmadena-beach.com\/locatie\/\",\"name\":\"Locatie - Benalm\u00e1dena Beach\",\"isPartOf\":{\"@id\":\"https:\/\/benalmadena-beach.com\/#website\"},\"primaryImageOfPage\":{\"@id\":\"https:\/\/benalmadena-beach.com\/locatie\/#primaryimage\"},\"image\":{\"@id\":\"https:\/\/benalmadena-beach.com\/locatie\/#primaryimage\"},\"thumbnailUrl\":\"https:\/\/benalmadena-beach.com\/wp-content\/uploads\/sites\/44\/2022\/03\/Benalmadena-Beach-_object-scaled.jpg\",\"datePublished\":\"2022-01-27T10:58:35+00:00\",\"dateModified\":\"2024-10-15T10:07:02+00:00\",\"breadcrumb\":{\"@id\":\"https:\/\/benalmadena-beach.com\/locatie\/#breadcrumb\"},\"inLanguage\":\"fr-FR\",\"potentialAction\":[{\"@type\":\"ReadAction\",\"target\":[\"https:\/\/benalmadena-beach.com\/locatie\/\"]}]},{\"@type\":\"ImageObject\",\"inLanguage\":\"fr-FR\",\"@id\":\"https:\/\/benalmadena-beach.com\/locatie\/#primaryimage\",\"url\":\"https:\/\/benalmadena-beach.com\/wp-content\/uploads\/sites\/44\/2022\/03\/Benalmadena-Beach-_object-scaled.jpg\",\"contentUrl\":\"https:\/\/benalmadena-beach.com\/wp-content\/uploads\/sites\/44\/2022\/03\/Benalmadena-Beach-_object-scaled.jpg\",\"width\":2560,\"height\":1440},{\"@type\":\"BreadcrumbList\",\"@id\":\"https:\/\/benalmadena-beach.com\/locatie\/#breadcrumb\",\"itemListElement\":[{\"@type\":\"ListItem\",\"position\":1,\"name\":\"Home\",\"item\":\"https:\/\/benalmadena-beach.com\/\"},{\"@type\":\"ListItem\",\"position\":2,\"name\":\"Locatie\"}]},{\"@type\":\"WebSite\",\"@id\":\"https:\/\/benalmadena-beach.com\/#website\",\"url\":\"https:\/\/benalmadena-beach.com\/\",\"name\":\"Benalm\u00e1dena Beach\",\"description\":\"\",\"potentialAction\":[{\"@type\":\"SearchAction\",\"target\":{\"@type\":\"EntryPoint\",\"urlTemplate\":\"https:\/\/benalmadena-beach.com\/?s={search_term_string}\"},\"query-input\":{\"@type\":\"PropertyValueSpecification\",\"valueRequired\":true,\"valueName\":\"search_term_string\"}}],\"inLanguage\":\"fr-FR\"}]}<\/script>\n<!-- \/ Yoast SEO plugin. -->","yoast_head_json":{"title":"Localisation - Plage de Benalm\u00e1dena","robots":{"index":"index","follow":"follow","max-snippet":"max-snippet:-1","max-image-preview":"max-image-preview:large","max-video-preview":"max-video-preview:-1"},"canonical":"https:\/\/benalmadena-beach.com\/fr\/lieu\/","og_locale":"fr_FR","og_type":"article","og_title":"Locatie - Benalm\u00e1dena Beach","og_url":"https:\/\/benalmadena-beach.com\/fr\/lieu\/","og_site_name":"Benalm\u00e1dena Beach","article_modified_time":"2024-10-15T10:07:02+00:00","og_image":[{"width":2560,"height":1440,"url":"https:\/\/benalmadena-beach.com\/wp-content\/uploads\/sites\/44\/2022\/03\/Benalmadena-Beach-_object-scaled.jpg","type":"image\/jpeg"}],"twitter_card":"summary_large_image","twitter_misc":{"Dur\u00e9e de lecture estim\u00e9e":"2 minutes"},"schema":{"@context":"https:\/\/schema.org","@graph":[{"@type":"WebPage","@id":"https:\/\/benalmadena-beach.com\/locatie\/","url":"https:\/\/benalmadena-beach.com\/locatie\/","name":"Localisation - Plage de Benalm\u00e1dena","isPartOf":{"@id":"https:\/\/benalmadena-beach.com\/#website"},"primaryImageOfPage":{"@id":"https:\/\/benalmadena-beach.com\/locatie\/#primaryimage"},"image":{"@id":"https:\/\/benalmadena-beach.com\/locatie\/#primaryimage"},"thumbnailUrl":"https:\/\/benalmadena-beach.com\/wp-content\/uploads\/sites\/44\/2022\/03\/Benalmadena-Beach-_object-scaled.jpg","datePublished":"2022-01-27T10:58:35+00:00","dateModified":"2024-10-15T10:07:02+00:00","breadcrumb":{"@id":"https:\/\/benalmadena-beach.com\/locatie\/#breadcrumb"},"inLanguage":"fr-FR","potentialAction":[{"@type":"ReadAction","target":["https:\/\/benalmadena-beach.com\/locatie\/"]}]},{"@type":"ImageObject","inLanguage":"fr-FR","@id":"https:\/\/benalmadena-beach.com\/locatie\/#primaryimage","url":"https:\/\/benalmadena-beach.com\/wp-content\/uploads\/sites\/44\/2022\/03\/Benalmadena-Beach-_object-scaled.jpg","contentUrl":"https:\/\/benalmadena-beach.com\/wp-content\/uploads\/sites\/44\/2022\/03\/Benalmadena-Beach-_object-scaled.jpg","width":2560,"height":1440},{"@type":"BreadcrumbList","@id":"https:\/\/benalmadena-beach.com\/locatie\/#breadcrumb","itemListElement":[{"@type":"ListItem","position":1,"name":"Home","item":"https:\/\/benalmadena-beach.com\/"},{"@type":"ListItem","position":2,"name":"Locatie"}]},{"@type":"WebSite","@id":"https:\/\/benalmadena-beach.com\/#website","url":"https:\/\/benalmadena-beach.com\/","name":"Plage de Benalm\u00e1dena","description":"","potentialAction":[{"@type":"SearchAction","target":{"@type":"EntryPoint","urlTemplate":"https:\/\/benalmadena-beach.com\/?s={search_term_string}"},"query-input":{"@type":"PropertyValueSpecification","valueRequired":true,"valueName":"search_term_string"}}],"inLanguage":"fr-FR"}]}},"_links":{"self":[{"href":"https:\/\/benalmadena-beach.com\/fr\/wp-json\/wp\/v2\/pages\/97","targetHints":{"allow":["GET"]}}],"collection":[{"href":"https:\/\/benalmadena-beach.com\/fr\/wp-json\/wp\/v2\/pages"}],"about":[{"href":"https:\/\/benalmadena-beach.com\/fr\/wp-json\/wp\/v2\/types\/page"}],"author":[{"embeddable":true,"href":"https:\/\/benalmadena-beach.com\/fr\/wp-json\/wp\/v2\/users\/1"}],"replies":[{"embeddable":true,"href":"https:\/\/benalmadena-beach.com\/fr\/wp-json\/wp\/v2\/comments?post=97"}],"version-history":[{"count":7,"href":"https:\/\/benalmadena-beach.com\/fr\/wp-json\/wp\/v2\/pages\/97\/revisions"}],"predecessor-version":[{"id":4130,"href":"https:\/\/benalmadena-beach.com\/fr\/wp-json\/wp\/v2\/pages\/97\/revisions\/4130"}],"wp:featuredmedia":[{"embeddable":true,"href":"https:\/\/benalmadena-beach.com\/fr\/wp-json\/wp\/v2\/media\/4087"}],"wp:attachment":[{"href":"https:\/\/benalmadena-beach.com\/fr\/wp-json\/wp\/v2\/media?parent=97"}],"curies":[{"name":"wp","href":"https:\/\/api.w.org\/{rel}","templated":true}]}}