{"id":95,"date":"2022-01-27T10:58:29","date_gmt":"2022-01-27T10:58:29","guid":{"rendered":"http:\/\/cognito.mprinsdesign.nl\/?page_id=95"},"modified":"2025-04-17T14:52:46","modified_gmt":"2025-04-17T14:52:46","slug":"il-complesso","status":"publish","type":"page","link":"https:\/\/benalmadena-beach.com\/it\/il-complesso\/","title":{"rendered":"Informazioni sulla spiaggia di Benalm\u00e1dena"},"content":{"rendered":"<section class=\"wpb-content-wrapper\"><div  class=\"content_row row page-content vc_row wpb_row  default-style fullwidth\" >\n\t\n\t<div class=\"content_row_wrapper  default\" >\n\t<div id=\"asdasd\" class=\"vc_col-sm-12 wpb_column vc_column_container\" >\n\t<div class=\"vc_column-inner\">\n\t\t<div class=\"wpb_wrapper\" >\n\t\t\t<div class=\"rt_heading_wrapper no-style\">\n\t\t\t\t\t\t<h1 class=\"rt_heading  no-style\"  style=\"font-size:24px;margin-top:24px;margin-bottom:0px;\">Spiaggia di Benalm\u00e1dena \u2013 <span class=\"after_h1\">Una perfetta combinazione di architettura, comfort e privacy in casa.<\/span><\/h1> \n\t\t\t\t\t<\/div><div class=\"vc_empty_space\"   style=\"height: 32px\"><span class=\"vc_empty_space_inner\"><\/span><\/div><div class=\"vc_separator wpb_content_element vc_separator_align_center vc_sep_width_100 vc_sep_style-4 vc_sep_pos_align_center vc_separator_no_text vc_sep_color_grey\" ><span class=\"vc_sep_holder vc_sep_holder_l\"><span class=\"vc_sep_line\"><\/span><\/span><span class=\"vc_sep_holder vc_sep_holder_r\"><span class=\"vc_sep_line\"><\/span><\/span>\n<\/div><div class=\"vc_empty_space\"   style=\"height: 32px\"><span class=\"vc_empty_space_inner\"><\/span><\/div>\n\t<div class=\"wpb_text_column wpb_content_element\" >\n\t\t<div class=\"wpb_wrapper\">\n\t\t\t<h4>L&#039;architetto<\/h4>\n<p>L&#039;architettura d&#039;avanguardia di BENALMADENA BEACH elimina virtualmente ogni barriera tra interno ed esterno, permettendoti di goderti lo skyline comodamente dal tuo divano.<\/p>\n<h4>Il concetto<\/h4>\n<p>Una perfetta combinazione di architettura, comfort e privacy nella casa, insieme ai servizi di un complesso di alta qualit\u00e0 che ti d\u00e0 l&#039;opportunit\u00e0 di vivere in armonia con la natura.<\/p>\n<h4>Il disegno<\/h4>\n<p>Queste case si distinguono per la distribuzione ottimale, la funzionalit\u00e0, la luce, il design e la tecnologia, attraverso un&#039;edilizia sostenibile.<\/p>\n<h4>Le finiture<\/h4>\n<p>Con lo sfondo del Mar Mediterraneo, BENALMADENA BEACH si ispira a finiture naturali che riflettono l&#039;eleganza e si fondono perfettamente con materiali di alta qualit\u00e0 per creare case uniche che si distinguono per bellezza e funzionalit\u00e0.<\/p>\n<p>Lavoriamo con marchi di altissima qualit\u00e0.<\/p>\n<h4>Il parcheggio<\/h4>\n<p>Ogni casa ha due posti auto e un ampio ripostiglio. I parcheggi sono dotati di predisposizione per veicoli elettrici.<\/p>\n<h4>La sicurezza<\/h4>\n<p>Per motivi di sicurezza, l&#039;urbanizzazione \u00e8 completamente recintata, con accesso pedonale e controllo degli accessi televisivo a circuito chiuso.<\/p>\n<h4><strong>I prezzi<\/strong><\/h4>\n<p>Prezzi a partire da 703.000 euro: per l&#039;elenco aggiornato degli immobili disponibili, prezzi e planimetrie. Richiedete il nostro pacchetto informativo con informazioni dettagliate e la brochure.<\/p>\n<p>Planimetrie e immagini non sono giuridicamente vincolanti e possono subire modifiche per esigenze tecniche, legali, amministrative o per iniziativa dei capi architetti, fatti salvi gli standard di qualit\u00e0. Tutti gli arredi sono solo a scopo decorativo e non fanno parte del progetto o delle specifiche del progetto.<\/p>\n\n\t\t<\/div>\n\t<\/div>\n<div class=\"vc_btn3-container vc_btn3-center\" ><a class=\"vc_general vc_btn3 vc_btn3-size-md vc_btn3-shape-square vc_btn3-style-modern vc_btn3-color-sandy-brown\" href=\"https:\/\/benalmadena-beach.com\/it\/maggiori-informazioni\/\" title=\"Maggiori informazioni\">MAGGIORI INFORMAZIONI<\/a><\/div>\n\t<div  class=\"wpb_single_image wpb_content_element vc_align_center\">\n\t\t\n\t\t<figure class=\"wpb_wrapper vc_figure\">\n\t\t\t<div class=\"vc_single_image-wrapper   vc_box_border_grey\"><img decoding=\"async\" class=\"vc_img-placeholder vc_single_image-img\" src=\"https:\/\/benalmadena-beach.com\/wp-content\/plugins\/js_composer\/assets\/vc\/no_image.png\" \/><\/div>\n\t\t<\/figure>\n\t<\/div>\n\n\t\t<\/div>\n\t<\/div>\n\t<\/div>\n\n<\/div>\n<\/div>\n\n<div  class=\"content_row row page-content vc_row wpb_row  default-style fullwidth\" style=\"background-color: #bbac8c;\">\n\t\n\t<div class=\"content_row_wrapper  default\" >\n\t<div id=\"asdasd\" class=\"vc_col-sm-12 wpb_column vc_column_container\" >\n\t<div class=\"vc_column-inner\">\n\t\t<div class=\"wpb_wrapper\" >\n\t\t\t<div class=\"rt_heading_wrapper no-style\">\n\t\t\t\t\t\t<h1 class=\"rt_heading  no-style\"  style=\"font-size:24px;margin-top:24px;margin-bottom:0px;\">Caratteristiche - <span class=\"after_h1 white\">Spiaggia di Benalm\u00e1dena<\/span><\/h1> \n\t\t\t\t\t<\/div><div class=\"vc_empty_space\"   style=\"height: 32px\"><span class=\"vc_empty_space_inner\"><\/span><\/div><div class=\"vc_separator wpb_content_element vc_separator_align_center vc_sep_width_100 vc_sep_style-4 vc_sep_pos_align_center vc_separator_no_text vc_sep_color_grey\" ><span class=\"vc_sep_holder vc_sep_holder_l\"><span class=\"vc_sep_line\"><\/span><\/span><span class=\"vc_sep_holder vc_sep_holder_r\"><span class=\"vc_sep_line\"><\/span><\/span>\n<\/div>\n\t<div class=\"wpb_text_column wpb_content_element\" >\n\t\t<div class=\"wpb_wrapper\">\n\t\t\t\t \n\t\t<div  class=\"bullet-list style-1  check\">\n\t\t<ul>\n<li>cucine aperte e adattabili<\/li>\n<li>finiture naturali con materiali di alta qualit\u00e0<\/li>\n<li>distribuzione ottimale, funzionalit\u00e0, luce, design e tecnologia<\/li>\n<li>tutte le case hanno un posto auto<\/li>\n<li>costruito in modo sostenibile<\/li>\n<li>prezzi a partire da \u20ac 703.000.<\/li>\n<\/ul>\n\n\t\t<\/div>\n\t\n\n\t\t<\/div>\n\t<\/div>\n\n\t\t<\/div>\n\t<\/div>\n\t<\/div>\n\n<\/div>\n<\/div>\n\n<div  class=\"content_row row quote-row vc_row wpb_row  default-style fullwidth\" style=\"background-color: #fcfcfc;\">\n\t\n\t<div class=\"content_row_wrapper  fullwidth\" >\n\t<div id=\"asdasd\" class=\"vc_col-sm-12 wpb_column vc_column_container vc_custom_1644925648982\" >\n\t<div class=\"vc_column-inner\">\n\t\t<div class=\"wpb_wrapper\" >\n\t\t\t<div class=\"rt_heading_wrapper style-3\">\n\t\t\t\t\t\t<h4 class=\"rt_heading serif quote-max-width style-3\" >Richiedi il pacchetto informativo sulla spiaggia di Benalm\u00e1dena<\/h4> \n\t\t\t\t\t<\/div>\n\t\t<\/div>\n\t<\/div>\n\t<\/div>\n\n<\/div>\n<\/div>\n\n<div  class=\"content_row row vc_row wpb_row  default-style fullwidth\" >\n\t\n\t<div class=\"content_row_wrapper  default\" >\n\t<div id=\"asdasd\" class=\"vc_col-sm-12 wpb_column vc_column_container\" >\n\t<div class=\"vc_column-inner\">\n\t\t<div class=\"wpb_wrapper\" >\n\t\t\t<div class=\"button_wrapper aligncenter\"><a  href=\"\/it\/maggiori-informazioni\/\" target=\"_self\" title=\"&gt; pacchetto informativo\" class=\"button_  style-2 big\">&gt; pacchetto informativo<\/a><\/div>\n\t\t<\/div>\n\t<\/div>\n\t<\/div>\n\n<\/div>\n<\/div>\n<\/section>","protected":false},"excerpt":{"rendered":"<p>\u2026 <a class=\"more-link\" href=\"https:\/\/benalmadena-beach.com\/it\/il-complesso\/\">Continua a leggere<\/a><\/p>","protected":false},"author":1,"featured_media":4093,"parent":0,"menu_order":3,"comment_status":"closed","ping_status":"closed","template":"","meta":{"footnotes":""},"class_list":["post-95","page","type-page","status-publish","has-post-thumbnail","hentry"],"yoast_head":"<!-- This site is optimized with the Yoast SEO plugin v26.0 - https:\/\/yoast.com\/wordpress\/plugins\/seo\/ -->\n<title>Over Benalm\u00e1dena Beach - Benalm\u00e1dena Beach<\/title>\n<meta name=\"robots\" content=\"index, follow, max-snippet:-1, max-image-preview:large, max-video-preview:-1\" \/>\n<link rel=\"canonical\" href=\"https:\/\/benalmadena-beach.com\/it\/il-complesso\/\" \/>\n<meta property=\"og:locale\" content=\"it_IT\" \/>\n<meta property=\"og:type\" content=\"article\" \/>\n<meta property=\"og:title\" content=\"Over Benalm\u00e1dena Beach - Benalm\u00e1dena Beach\" \/>\n<meta property=\"og:url\" content=\"https:\/\/benalmadena-beach.com\/it\/il-complesso\/\" \/>\n<meta property=\"og:site_name\" content=\"Benalm\u00e1dena Beach\" \/>\n<meta property=\"article:modified_time\" content=\"2025-04-17T14:52:46+00:00\" \/>\n<meta property=\"og:image\" content=\"https:\/\/benalmadena-beach.com\/wp-content\/uploads\/sites\/44\/2022\/03\/Benalmadena_Beach_terrace-scaled.jpg\" \/>\n\t<meta property=\"og:image:width\" content=\"2560\" \/>\n\t<meta property=\"og:image:height\" content=\"1847\" \/>\n\t<meta property=\"og:image:type\" content=\"image\/jpeg\" \/>\n<meta name=\"twitter:card\" content=\"summary_large_image\" \/>\n<meta name=\"twitter:label1\" content=\"Tempo di lettura stimato\" \/>\n\t<meta name=\"twitter:data1\" content=\"3 minuti\" \/>\n<script type=\"application\/ld+json\" class=\"yoast-schema-graph\">{\"@context\":\"https:\/\/schema.org\",\"@graph\":[{\"@type\":\"WebPage\",\"@id\":\"https:\/\/benalmadena-beach.com\/het-complex\/\",\"url\":\"https:\/\/benalmadena-beach.com\/het-complex\/\",\"name\":\"Over Benalm\u00e1dena Beach - Benalm\u00e1dena Beach\",\"isPartOf\":{\"@id\":\"https:\/\/benalmadena-beach.com\/#website\"},\"primaryImageOfPage\":{\"@id\":\"https:\/\/benalmadena-beach.com\/het-complex\/#primaryimage\"},\"image\":{\"@id\":\"https:\/\/benalmadena-beach.com\/het-complex\/#primaryimage\"},\"thumbnailUrl\":\"https:\/\/benalmadena-beach.com\/wp-content\/uploads\/sites\/44\/2022\/03\/Benalmadena_Beach_terrace-scaled.jpg\",\"datePublished\":\"2022-01-27T10:58:29+00:00\",\"dateModified\":\"2025-04-17T14:52:46+00:00\",\"breadcrumb\":{\"@id\":\"https:\/\/benalmadena-beach.com\/het-complex\/#breadcrumb\"},\"inLanguage\":\"it-IT\",\"potentialAction\":[{\"@type\":\"ReadAction\",\"target\":[\"https:\/\/benalmadena-beach.com\/het-complex\/\"]}]},{\"@type\":\"ImageObject\",\"inLanguage\":\"it-IT\",\"@id\":\"https:\/\/benalmadena-beach.com\/het-complex\/#primaryimage\",\"url\":\"https:\/\/benalmadena-beach.com\/wp-content\/uploads\/sites\/44\/2022\/03\/Benalmadena_Beach_terrace-scaled.jpg\",\"contentUrl\":\"https:\/\/benalmadena-beach.com\/wp-content\/uploads\/sites\/44\/2022\/03\/Benalmadena_Beach_terrace-scaled.jpg\",\"width\":2560,\"height\":1847},{\"@type\":\"BreadcrumbList\",\"@id\":\"https:\/\/benalmadena-beach.com\/het-complex\/#breadcrumb\",\"itemListElement\":[{\"@type\":\"ListItem\",\"position\":1,\"name\":\"Home\",\"item\":\"https:\/\/benalmadena-beach.com\/\"},{\"@type\":\"ListItem\",\"position\":2,\"name\":\"Over Benalm\u00e1dena Beach\"}]},{\"@type\":\"WebSite\",\"@id\":\"https:\/\/benalmadena-beach.com\/#website\",\"url\":\"https:\/\/benalmadena-beach.com\/\",\"name\":\"Benalm\u00e1dena Beach\",\"description\":\"\",\"potentialAction\":[{\"@type\":\"SearchAction\",\"target\":{\"@type\":\"EntryPoint\",\"urlTemplate\":\"https:\/\/benalmadena-beach.com\/?s={search_term_string}\"},\"query-input\":{\"@type\":\"PropertyValueSpecification\",\"valueRequired\":true,\"valueName\":\"search_term_string\"}}],\"inLanguage\":\"it-IT\"}]}<\/script>\n<!-- \/ Yoast SEO plugin. -->","yoast_head_json":{"title":"Informazioni sulla spiaggia di Benalm\u00e1dena - Spiaggia di Benalm\u00e1dena","robots":{"index":"index","follow":"follow","max-snippet":"max-snippet:-1","max-image-preview":"max-image-preview:large","max-video-preview":"max-video-preview:-1"},"canonical":"https:\/\/benalmadena-beach.com\/it\/il-complesso\/","og_locale":"it_IT","og_type":"article","og_title":"Over Benalm\u00e1dena Beach - Benalm\u00e1dena Beach","og_url":"https:\/\/benalmadena-beach.com\/it\/il-complesso\/","og_site_name":"Benalm\u00e1dena Beach","article_modified_time":"2025-04-17T14:52:46+00:00","og_image":[{"width":2560,"height":1847,"url":"https:\/\/benalmadena-beach.com\/wp-content\/uploads\/sites\/44\/2022\/03\/Benalmadena_Beach_terrace-scaled.jpg","type":"image\/jpeg"}],"twitter_card":"summary_large_image","twitter_misc":{"Tempo di lettura stimato":"3 minuti"},"schema":{"@context":"https:\/\/schema.org","@graph":[{"@type":"WebPage","@id":"https:\/\/benalmadena-beach.com\/het-complex\/","url":"https:\/\/benalmadena-beach.com\/het-complex\/","name":"Informazioni sulla spiaggia di Benalm\u00e1dena - Spiaggia di Benalm\u00e1dena","isPartOf":{"@id":"https:\/\/benalmadena-beach.com\/#website"},"primaryImageOfPage":{"@id":"https:\/\/benalmadena-beach.com\/het-complex\/#primaryimage"},"image":{"@id":"https:\/\/benalmadena-beach.com\/het-complex\/#primaryimage"},"thumbnailUrl":"https:\/\/benalmadena-beach.com\/wp-content\/uploads\/sites\/44\/2022\/03\/Benalmadena_Beach_terrace-scaled.jpg","datePublished":"2022-01-27T10:58:29+00:00","dateModified":"2025-04-17T14:52:46+00:00","breadcrumb":{"@id":"https:\/\/benalmadena-beach.com\/het-complex\/#breadcrumb"},"inLanguage":"it-IT","potentialAction":[{"@type":"ReadAction","target":["https:\/\/benalmadena-beach.com\/het-complex\/"]}]},{"@type":"ImageObject","inLanguage":"it-IT","@id":"https:\/\/benalmadena-beach.com\/het-complex\/#primaryimage","url":"https:\/\/benalmadena-beach.com\/wp-content\/uploads\/sites\/44\/2022\/03\/Benalmadena_Beach_terrace-scaled.jpg","contentUrl":"https:\/\/benalmadena-beach.com\/wp-content\/uploads\/sites\/44\/2022\/03\/Benalmadena_Beach_terrace-scaled.jpg","width":2560,"height":1847},{"@type":"BreadcrumbList","@id":"https:\/\/benalmadena-beach.com\/het-complex\/#breadcrumb","itemListElement":[{"@type":"ListItem","position":1,"name":"Home","item":"https:\/\/benalmadena-beach.com\/"},{"@type":"ListItem","position":2,"name":"Over Benalm\u00e1dena Beach"}]},{"@type":"WebSite","@id":"https:\/\/benalmadena-beach.com\/#website","url":"https:\/\/benalmadena-beach.com\/","name":"Spiaggia di Benalm\u00e1dena","description":"","potentialAction":[{"@type":"SearchAction","target":{"@type":"EntryPoint","urlTemplate":"https:\/\/benalmadena-beach.com\/?s={search_term_string}"},"query-input":{"@type":"PropertyValueSpecification","valueRequired":true,"valueName":"search_term_string"}}],"inLanguage":"it-IT"}]}},"_links":{"self":[{"href":"https:\/\/benalmadena-beach.com\/it\/wp-json\/wp\/v2\/pages\/95","targetHints":{"allow":["GET"]}}],"collection":[{"href":"https:\/\/benalmadena-beach.com\/it\/wp-json\/wp\/v2\/pages"}],"about":[{"href":"https:\/\/benalmadena-beach.com\/it\/wp-json\/wp\/v2\/types\/page"}],"author":[{"embeddable":true,"href":"https:\/\/benalmadena-beach.com\/it\/wp-json\/wp\/v2\/users\/1"}],"replies":[{"embeddable":true,"href":"https:\/\/benalmadena-beach.com\/it\/wp-json\/wp\/v2\/comments?post=95"}],"version-history":[{"count":42,"href":"https:\/\/benalmadena-beach.com\/it\/wp-json\/wp\/v2\/pages\/95\/revisions"}],"predecessor-version":[{"id":4167,"href":"https:\/\/benalmadena-beach.com\/it\/wp-json\/wp\/v2\/pages\/95\/revisions\/4167"}],"wp:featuredmedia":[{"embeddable":true,"href":"https:\/\/benalmadena-beach.com\/it\/wp-json\/wp\/v2\/media\/4093"}],"wp:attachment":[{"href":"https:\/\/benalmadena-beach.com\/it\/wp-json\/wp\/v2\/media?parent=95"}],"curies":[{"name":"wp","href":"https:\/\/api.w.org\/{rel}","templated":true}]}}