{"id":95,"date":"2022-01-27T10:58:29","date_gmt":"2022-01-27T10:58:29","guid":{"rendered":"http:\/\/cognito.mprinsdesign.nl\/?page_id=95"},"modified":"2025-04-17T14:52:46","modified_gmt":"2025-04-17T14:52:46","slug":"kompleks","status":"publish","type":"page","link":"https:\/\/benalmadena-beach.com\/pl\/kompleks\/","title":{"rendered":"O pla\u017cy Benalm\u00e1dena"},"content":{"rendered":"<section class=\"wpb-content-wrapper\"><div  class=\"content_row row page-content vc_row wpb_row  default-style fullwidth\" >\n\t\n\t<div class=\"content_row_wrapper  default\" >\n\t<div id=\"asdasd\" class=\"vc_col-sm-12 wpb_column vc_column_container\" >\n\t<div class=\"vc_column-inner\">\n\t\t<div class=\"wpb_wrapper\" >\n\t\t\t<div class=\"rt_heading_wrapper no-style\">\n\t\t\t\t\t\t<h1 class=\"rt_heading  no-style\"  style=\"font-size:24px;margin-top:24px;margin-bottom:0px;\">Pla\u017ca Benalmadena \u2013 <span class=\"after_h1\">Idealne po\u0142\u0105czenie architektury, komfortu i prywatno\u015bci w domu.<\/span><\/h1> \n\t\t\t\t\t<\/div><div class=\"vc_empty_space\"   style=\"height: 32px\"><span class=\"vc_empty_space_inner\"><\/span><\/div><div class=\"vc_separator wpb_content_element vc_separator_align_center vc_sep_width_100 vc_sep_style-4 vc_sep_pos_align_center vc_separator_no_text vc_sep_color_grey\" ><span class=\"vc_sep_holder vc_sep_holder_l\"><span class=\"vc_sep_line\"><\/span><\/span><span class=\"vc_sep_holder vc_sep_holder_r\"><span class=\"vc_sep_line\"><\/span><\/span>\n<\/div><div class=\"vc_empty_space\"   style=\"height: 32px\"><span class=\"vc_empty_space_inner\"><\/span><\/div>\n\t<div class=\"wpb_text_column wpb_content_element\" >\n\t\t<div class=\"wpb_wrapper\">\n\t\t\t<h4>Architekt<\/h4>\n<p>Awangardowa architektura BENALMADENA BEACH praktycznie eliminuje wszelkie bariery pomi\u0119dzy wn\u0119trzem i otoczeniem, pozwalaj\u0105c cieszy\u0107 si\u0119 panoram\u0105 miasta w zaciszu swojej kanapy.<\/p>\n<h4>Koncepcja<\/h4>\n<p>Idealne po\u0142\u0105czenie architektury, komfortu i prywatno\u015bci w domu wraz z us\u0142ugami wysokiej jako\u015bci kompleksu, kt\u00f3ry daje mo\u017cliwo\u015b\u0107 \u017cycia w zgodzie z natur\u0105.<\/p>\n<h4>Projekt<\/h4>\n<p>Domy te wyr\u00f3\u017cniaj\u0105 si\u0119 optymalnym rozmieszczeniem, funkcjonalno\u015bci\u0105, \u015bwiat\u0142em, designem i technologi\u0105, dzi\u0119ki zr\u00f3wnowa\u017conemu budownictwie.<\/p>\n<h4>Wyko\u0144czenia<\/h4>\n<p>BENALMADENA BEACH, na tle Morza \u015ar\u00f3dziemnego, inspirowana jest naturalnymi wyko\u0144czeniami, kt\u00f3re odzwierciedlaj\u0105 elegancj\u0119 i doskonale \u0142\u0105cz\u0105 si\u0119 z wysokiej jako\u015bci materia\u0142ami, tworz\u0105c wyj\u0105tkowe domy, kt\u00f3re wyr\u00f3\u017cniaj\u0105 si\u0119 pi\u0119knem i funkcjonalno\u015bci\u0105.<\/p>\n<p>Wsp\u00f3\u0142pracujemy z markami najwy\u017cszej jako\u015bci.<\/p>\n<h4>Parking<\/h4>\n<p>Do ka\u017cdego domu przynale\u017c\u0105 dwa miejsca parkingowe oraz przestronna kom\u00f3rka lokatorska. Miejsca parkingowe wyposa\u017cone s\u0105 w instalacj\u0119 wst\u0119pn\u0105 dla pojazd\u00f3w elektrycznych.<\/p>\n<h4>Bezpiecze\u0144stwo<\/h4>\n<p>Ze wzgl\u0119d\u00f3w bezpiecze\u0144stwa osiedle jest ca\u0142kowicie ogrodzone, z dost\u0119pem dla pieszych i kontrol\u0105 dost\u0119pu do telewizji przemys\u0142owej.<\/p>\n<h4><strong>Ceny<\/strong><\/h4>\n<p>Ceny od 703 000 euro \u2013 zobacz aktualn\u0105 list\u0119 dost\u0119pnych nieruchomo\u015bci, ceny i plany pi\u0119ter. Zam\u00f3w nasz pakiet informacyjny ze szczeg\u00f3\u0142owymi informacjami i broszur\u0105.<\/p>\n<p>Plany i obrazy nie s\u0105 prawnie wi\u0105\u017c\u0105ce i mog\u0105 ulega\u0107 zmianom ze wzgl\u0119du na wymogi techniczne, prawne, administracyjne lub z inicjatywy g\u0142\u00f3wnych architekt\u00f3w, bez uszczerbku dla standard\u00f3w jako\u015bci. Wszystkie meble s\u0142u\u017c\u0105 wy\u0142\u0105cznie celom dekoracyjnym i nie stanowi\u0105 cz\u0119\u015bci projektu ani specyfikacji projektu.<\/p>\n\n\t\t<\/div>\n\t<\/div>\n<div class=\"vc_btn3-container vc_btn3-center\" ><a class=\"vc_general vc_btn3 vc_btn3-size-md vc_btn3-shape-square vc_btn3-style-modern vc_btn3-color-sandy-brown\" href=\"https:\/\/benalmadena-beach.com\/pl\/wiecej-informacji\/\" title=\"Wi\u0119cej informacji\">WI\u0118CEJ INFORMACJI<\/a><\/div>\n\t<div  class=\"wpb_single_image wpb_content_element vc_align_center\">\n\t\t\n\t\t<figure class=\"wpb_wrapper vc_figure\">\n\t\t\t<div class=\"vc_single_image-wrapper   vc_box_border_grey\"><img decoding=\"async\" class=\"vc_img-placeholder vc_single_image-img\" src=\"https:\/\/benalmadena-beach.com\/wp-content\/plugins\/js_composer\/assets\/vc\/no_image.png\" \/><\/div>\n\t\t<\/figure>\n\t<\/div>\n\n\t\t<\/div>\n\t<\/div>\n\t<\/div>\n\n<\/div>\n<\/div>\n\n<div  class=\"content_row row page-content vc_row wpb_row  default-style fullwidth\" style=\"background-color: #bbac8c;\">\n\t\n\t<div class=\"content_row_wrapper  default\" >\n\t<div id=\"asdasd\" class=\"vc_col-sm-12 wpb_column vc_column_container\" >\n\t<div class=\"vc_column-inner\">\n\t\t<div class=\"wpb_wrapper\" >\n\t\t\t<div class=\"rt_heading_wrapper no-style\">\n\t\t\t\t\t\t<h1 class=\"rt_heading  no-style\"  style=\"font-size:24px;margin-top:24px;margin-bottom:0px;\">Cechy - <span class=\"after_h1 white\">Pla\u017ca Benalmadena<\/span><\/h1> \n\t\t\t\t\t<\/div><div class=\"vc_empty_space\"   style=\"height: 32px\"><span class=\"vc_empty_space_inner\"><\/span><\/div><div class=\"vc_separator wpb_content_element vc_separator_align_center vc_sep_width_100 vc_sep_style-4 vc_sep_pos_align_center vc_separator_no_text vc_sep_color_grey\" ><span class=\"vc_sep_holder vc_sep_holder_l\"><span class=\"vc_sep_line\"><\/span><\/span><span class=\"vc_sep_holder vc_sep_holder_r\"><span class=\"vc_sep_line\"><\/span><\/span>\n<\/div>\n\t<div class=\"wpb_text_column wpb_content_element\" >\n\t\t<div class=\"wpb_wrapper\">\n\t\t\t\t \n\t\t<div  class=\"bullet-list style-1  check\">\n\t\t<ul>\n<li>otwarte i elastyczne kuchnie<\/li>\n<li>naturalne wyko\u0144czenia z wysokiej jako\u015bci materia\u0142\u00f3w<\/li>\n<li>optymalna dystrybucja, funkcjonalno\u015b\u0107, \u015bwiat\u0142o, design i technologia<\/li>\n<li>wszystkie domy posiadaj\u0105 miejsce parkingowe<\/li>\n<li>zbudowany w spos\u00f3b zr\u00f3wnowa\u017cony<\/li>\n<li>ceny od 703 000 \u20ac.<\/li>\n<\/ul>\n\n\t\t<\/div>\n\t\n\n\t\t<\/div>\n\t<\/div>\n\n\t\t<\/div>\n\t<\/div>\n\t<\/div>\n\n<\/div>\n<\/div>\n\n<div  class=\"content_row row quote-row vc_row wpb_row  default-style fullwidth\" style=\"background-color: #fcfcfc;\">\n\t\n\t<div class=\"content_row_wrapper  fullwidth\" >\n\t<div id=\"asdasd\" class=\"vc_col-sm-12 wpb_column vc_column_container vc_custom_1644925648982\" >\n\t<div class=\"vc_column-inner\">\n\t\t<div class=\"wpb_wrapper\" >\n\t\t\t<div class=\"rt_heading_wrapper style-3\">\n\t\t\t\t\t\t<h4 class=\"rt_heading serif quote-max-width style-3\" >Popro\u015b o pakiet informacyjny o pla\u017cy Benalm\u00e1dena<\/h4> \n\t\t\t\t\t<\/div>\n\t\t<\/div>\n\t<\/div>\n\t<\/div>\n\n<\/div>\n<\/div>\n\n<div  class=\"content_row row vc_row wpb_row  default-style fullwidth\" >\n\t\n\t<div class=\"content_row_wrapper  default\" >\n\t<div id=\"asdasd\" class=\"vc_col-sm-12 wpb_column vc_column_container\" >\n\t<div class=\"vc_column-inner\">\n\t\t<div class=\"wpb_wrapper\" >\n\t\t\t<div class=\"button_wrapper aligncenter\"><a  href=\"\/pl\/wiecej-informacji\/\" target=\"_self\" title=\"&gt; pakiet informacyjny\" class=\"button_  style-2 big\">&gt; pakiet informacyjny<\/a><\/div>\n\t\t<\/div>\n\t<\/div>\n\t<\/div>\n\n<\/div>\n<\/div>\n<\/section>","protected":false},"excerpt":{"rendered":"<p>\u2026 <a class=\"more-link\" href=\"https:\/\/benalmadena-beach.com\/pl\/kompleks\/\">Kontynuuj czytanie<\/a><\/p>","protected":false},"author":1,"featured_media":4093,"parent":0,"menu_order":3,"comment_status":"closed","ping_status":"closed","template":"","meta":{"footnotes":""},"class_list":["post-95","page","type-page","status-publish","has-post-thumbnail","hentry"],"yoast_head":"<!-- This site is optimized with the Yoast SEO plugin v26.0 - https:\/\/yoast.com\/wordpress\/plugins\/seo\/ -->\n<title>Over Benalm\u00e1dena Beach - Benalm\u00e1dena Beach<\/title>\n<meta name=\"robots\" content=\"index, follow, max-snippet:-1, max-image-preview:large, max-video-preview:-1\" \/>\n<link rel=\"canonical\" href=\"https:\/\/benalmadena-beach.com\/pl\/kompleks\/\" \/>\n<meta property=\"og:locale\" content=\"pl_PL\" \/>\n<meta property=\"og:type\" content=\"article\" \/>\n<meta property=\"og:title\" content=\"Over Benalm\u00e1dena Beach - Benalm\u00e1dena Beach\" \/>\n<meta property=\"og:url\" content=\"https:\/\/benalmadena-beach.com\/pl\/kompleks\/\" \/>\n<meta property=\"og:site_name\" content=\"Benalm\u00e1dena Beach\" \/>\n<meta property=\"article:modified_time\" content=\"2025-04-17T14:52:46+00:00\" \/>\n<meta property=\"og:image\" content=\"https:\/\/benalmadena-beach.com\/wp-content\/uploads\/sites\/44\/2022\/03\/Benalmadena_Beach_terrace-scaled.jpg\" \/>\n\t<meta property=\"og:image:width\" content=\"2560\" \/>\n\t<meta property=\"og:image:height\" content=\"1847\" \/>\n\t<meta property=\"og:image:type\" content=\"image\/jpeg\" \/>\n<meta name=\"twitter:card\" content=\"summary_large_image\" \/>\n<meta name=\"twitter:label1\" content=\"Szacowany czas czytania\" \/>\n\t<meta name=\"twitter:data1\" content=\"3 minuty\" \/>\n<script type=\"application\/ld+json\" class=\"yoast-schema-graph\">{\"@context\":\"https:\/\/schema.org\",\"@graph\":[{\"@type\":\"WebPage\",\"@id\":\"https:\/\/benalmadena-beach.com\/het-complex\/\",\"url\":\"https:\/\/benalmadena-beach.com\/het-complex\/\",\"name\":\"Over Benalm\u00e1dena Beach - Benalm\u00e1dena Beach\",\"isPartOf\":{\"@id\":\"https:\/\/benalmadena-beach.com\/#website\"},\"primaryImageOfPage\":{\"@id\":\"https:\/\/benalmadena-beach.com\/het-complex\/#primaryimage\"},\"image\":{\"@id\":\"https:\/\/benalmadena-beach.com\/het-complex\/#primaryimage\"},\"thumbnailUrl\":\"https:\/\/benalmadena-beach.com\/wp-content\/uploads\/sites\/44\/2022\/03\/Benalmadena_Beach_terrace-scaled.jpg\",\"datePublished\":\"2022-01-27T10:58:29+00:00\",\"dateModified\":\"2025-04-17T14:52:46+00:00\",\"breadcrumb\":{\"@id\":\"https:\/\/benalmadena-beach.com\/het-complex\/#breadcrumb\"},\"inLanguage\":\"pl-PL\",\"potentialAction\":[{\"@type\":\"ReadAction\",\"target\":[\"https:\/\/benalmadena-beach.com\/het-complex\/\"]}]},{\"@type\":\"ImageObject\",\"inLanguage\":\"pl-PL\",\"@id\":\"https:\/\/benalmadena-beach.com\/het-complex\/#primaryimage\",\"url\":\"https:\/\/benalmadena-beach.com\/wp-content\/uploads\/sites\/44\/2022\/03\/Benalmadena_Beach_terrace-scaled.jpg\",\"contentUrl\":\"https:\/\/benalmadena-beach.com\/wp-content\/uploads\/sites\/44\/2022\/03\/Benalmadena_Beach_terrace-scaled.jpg\",\"width\":2560,\"height\":1847},{\"@type\":\"BreadcrumbList\",\"@id\":\"https:\/\/benalmadena-beach.com\/het-complex\/#breadcrumb\",\"itemListElement\":[{\"@type\":\"ListItem\",\"position\":1,\"name\":\"Home\",\"item\":\"https:\/\/benalmadena-beach.com\/\"},{\"@type\":\"ListItem\",\"position\":2,\"name\":\"Over Benalm\u00e1dena Beach\"}]},{\"@type\":\"WebSite\",\"@id\":\"https:\/\/benalmadena-beach.com\/#website\",\"url\":\"https:\/\/benalmadena-beach.com\/\",\"name\":\"Benalm\u00e1dena Beach\",\"description\":\"\",\"potentialAction\":[{\"@type\":\"SearchAction\",\"target\":{\"@type\":\"EntryPoint\",\"urlTemplate\":\"https:\/\/benalmadena-beach.com\/?s={search_term_string}\"},\"query-input\":{\"@type\":\"PropertyValueSpecification\",\"valueRequired\":true,\"valueName\":\"search_term_string\"}}],\"inLanguage\":\"pl-PL\"}]}<\/script>\n<!-- \/ Yoast SEO plugin. -->","yoast_head_json":{"title":"O pla\u017cy Benalm\u00e1dena - Pla\u017ca Benalm\u00e1dena","robots":{"index":"index","follow":"follow","max-snippet":"max-snippet:-1","max-image-preview":"max-image-preview:large","max-video-preview":"max-video-preview:-1"},"canonical":"https:\/\/benalmadena-beach.com\/pl\/kompleks\/","og_locale":"pl_PL","og_type":"article","og_title":"Over Benalm\u00e1dena Beach - Benalm\u00e1dena Beach","og_url":"https:\/\/benalmadena-beach.com\/pl\/kompleks\/","og_site_name":"Benalm\u00e1dena Beach","article_modified_time":"2025-04-17T14:52:46+00:00","og_image":[{"width":2560,"height":1847,"url":"https:\/\/benalmadena-beach.com\/wp-content\/uploads\/sites\/44\/2022\/03\/Benalmadena_Beach_terrace-scaled.jpg","type":"image\/jpeg"}],"twitter_card":"summary_large_image","twitter_misc":{"Szacowany czas czytania":"3 minuty"},"schema":{"@context":"https:\/\/schema.org","@graph":[{"@type":"WebPage","@id":"https:\/\/benalmadena-beach.com\/het-complex\/","url":"https:\/\/benalmadena-beach.com\/het-complex\/","name":"O pla\u017cy Benalm\u00e1dena - Pla\u017ca Benalm\u00e1dena","isPartOf":{"@id":"https:\/\/benalmadena-beach.com\/#website"},"primaryImageOfPage":{"@id":"https:\/\/benalmadena-beach.com\/het-complex\/#primaryimage"},"image":{"@id":"https:\/\/benalmadena-beach.com\/het-complex\/#primaryimage"},"thumbnailUrl":"https:\/\/benalmadena-beach.com\/wp-content\/uploads\/sites\/44\/2022\/03\/Benalmadena_Beach_terrace-scaled.jpg","datePublished":"2022-01-27T10:58:29+00:00","dateModified":"2025-04-17T14:52:46+00:00","breadcrumb":{"@id":"https:\/\/benalmadena-beach.com\/het-complex\/#breadcrumb"},"inLanguage":"pl-PL","potentialAction":[{"@type":"ReadAction","target":["https:\/\/benalmadena-beach.com\/het-complex\/"]}]},{"@type":"ImageObject","inLanguage":"pl-PL","@id":"https:\/\/benalmadena-beach.com\/het-complex\/#primaryimage","url":"https:\/\/benalmadena-beach.com\/wp-content\/uploads\/sites\/44\/2022\/03\/Benalmadena_Beach_terrace-scaled.jpg","contentUrl":"https:\/\/benalmadena-beach.com\/wp-content\/uploads\/sites\/44\/2022\/03\/Benalmadena_Beach_terrace-scaled.jpg","width":2560,"height":1847},{"@type":"BreadcrumbList","@id":"https:\/\/benalmadena-beach.com\/het-complex\/#breadcrumb","itemListElement":[{"@type":"ListItem","position":1,"name":"Home","item":"https:\/\/benalmadena-beach.com\/"},{"@type":"ListItem","position":2,"name":"Over Benalm\u00e1dena Beach"}]},{"@type":"WebSite","@id":"https:\/\/benalmadena-beach.com\/#website","url":"https:\/\/benalmadena-beach.com\/","name":"Pla\u017ca Benalmadena","description":"","potentialAction":[{"@type":"SearchAction","target":{"@type":"EntryPoint","urlTemplate":"https:\/\/benalmadena-beach.com\/?s={search_term_string}"},"query-input":{"@type":"PropertyValueSpecification","valueRequired":true,"valueName":"search_term_string"}}],"inLanguage":"pl-PL"}]}},"_links":{"self":[{"href":"https:\/\/benalmadena-beach.com\/pl\/wp-json\/wp\/v2\/pages\/95","targetHints":{"allow":["GET"]}}],"collection":[{"href":"https:\/\/benalmadena-beach.com\/pl\/wp-json\/wp\/v2\/pages"}],"about":[{"href":"https:\/\/benalmadena-beach.com\/pl\/wp-json\/wp\/v2\/types\/page"}],"author":[{"embeddable":true,"href":"https:\/\/benalmadena-beach.com\/pl\/wp-json\/wp\/v2\/users\/1"}],"replies":[{"embeddable":true,"href":"https:\/\/benalmadena-beach.com\/pl\/wp-json\/wp\/v2\/comments?post=95"}],"version-history":[{"count":42,"href":"https:\/\/benalmadena-beach.com\/pl\/wp-json\/wp\/v2\/pages\/95\/revisions"}],"predecessor-version":[{"id":4167,"href":"https:\/\/benalmadena-beach.com\/pl\/wp-json\/wp\/v2\/pages\/95\/revisions\/4167"}],"wp:featuredmedia":[{"embeddable":true,"href":"https:\/\/benalmadena-beach.com\/pl\/wp-json\/wp\/v2\/media\/4093"}],"wp:attachment":[{"href":"https:\/\/benalmadena-beach.com\/pl\/wp-json\/wp\/v2\/media?parent=95"}],"curies":[{"name":"wp","href":"https:\/\/api.w.org\/{rel}","templated":true}]}}