{"id":97,"date":"2022-01-27T10:58:35","date_gmt":"2022-01-27T10:58:35","guid":{"rendered":"http:\/\/cognito.mprinsdesign.nl\/?page_id=97"},"modified":"2024-10-15T10:07:02","modified_gmt":"2024-10-15T10:07:02","slug":"lokalizacja","status":"publish","type":"page","link":"https:\/\/benalmadena-beach.com\/pl\/lokalizacja\/","title":{"rendered":"Lokalizacja"},"content":{"rendered":"<section class=\"wpb-content-wrapper\"><div  class=\"content_row row page-content vc_row wpb_row  default-style fullwidth\" >\n\t\n\t<div class=\"content_row_wrapper  default\" >\n\t<div id=\"asdasd\" class=\"vc_col-sm-12 wpb_column vc_column_container\" >\n\t<div class=\"vc_column-inner\">\n\t\t<div class=\"wpb_wrapper\" >\n\t\t\t<div class=\"rt_heading_wrapper no-style\">\n\t\t\t\t\t\t<h1 class=\"rt_heading  no-style\"  style=\"font-size:24px;margin-top:24px;margin-bottom:0px;\">Lokalizacja - <span class=\"after_h1\">Pla\u017ca Benalmadena<\/span><\/h1> \n\t\t\t\t\t<\/div><div class=\"vc_empty_space\"   style=\"height: 32px\"><span class=\"vc_empty_space_inner\"><\/span><\/div><div class=\"vc_separator wpb_content_element vc_separator_align_center vc_sep_width_100 vc_sep_style-4 vc_sep_pos_align_center vc_separator_no_text vc_sep_color_grey\" ><span class=\"vc_sep_holder vc_sep_holder_l\"><span class=\"vc_sep_line\"><\/span><\/span><span class=\"vc_sep_holder vc_sep_holder_r\"><span class=\"vc_sep_line\"><\/span><\/span>\n<\/div>\n\t<div class=\"wpb_text_column wpb_content_element\" >\n\t\t<div class=\"wpb_wrapper\">\n\t\t\t<p>Idealnie po\u0142o\u017cony kilkaset metr\u00f3w od pla\u017cy. Malaga 20 km, Fuengirola 6 km. W pobli\u017cu kilku p\u00f3l golfowych, Mi\u0119dzynarodowego Kolegium Benalm\u00e1dena i stacji kolejowej Torremuelle linii C1 wzd\u0142u\u017c wybrze\u017ca. Idealny do zwiedzania centrum Malagi, lotniska lub jednego z innych nadmorskich miast bez samochodu.<\/p>\n<p>W ci\u0105gu pi\u0119tnastu minut jazdy samochodem jest wiele do zrobienia, takich jak:<\/p>\n<p><a href=\"https:\/\/www.tripadvisor.es\/Attraction_Review-g562812-d2013574-Reviews-Parque_De_La_Paloma-Benalmadena_Costa_del_Sol_Province_of_Malaga_Andalucia.html\" target=\"_blank\" rel=\"noopener\"><strong>Park de la Paloma<\/strong><\/a>: Pi\u0119kny park z jeziorami, wodospadami oraz r\u00f3\u017cnorodnymi ro\u015blinami i zwierz\u0119tami. Idealna na spacer lub piknik.<\/p>\n<p><a href=\"https:\/\/www.selwomarina.es\/en\" target=\"_blank\" rel=\"noopener\"><strong>Marina Selwo<\/strong><\/a>: Morski park tematyczny, w kt\u00f3rym mo\u017cna zobaczy\u0107 zwierz\u0119ta, takie jak delfiny, lwy morskie i egzotyczne ptaki. Oferuje tak\u017ce pokazy i zaj\u0119cia edukacyjne.<\/p>\n<p><a href=\"https:\/\/www.telefericobenalmadena.com\/\" target=\"_blank\" rel=\"noopener\"><strong>Telef\u00e9rico de Benalm\u00e1dena<\/strong><\/a>: Kolejka linowa, kt\u00f3ra zabierze Ci\u0119 na szczyt Monte Calamorro, z pi\u0119knym widokiem na wybrze\u017ce i mo\u017cliwo\u015bci\u0105 spacer\u00f3w i przyg\u00f3d.<\/p>\n<p><a href=\"https:\/\/www.castillomonumentocolomares.com\/\" target=\"_blank\" rel=\"noopener\"><strong>Castillo de Colomares<\/strong><\/a>: Imponuj\u0105cy zamek zbudowany na cze\u015b\u0107 Krzysztofa Kolumba. Jest to wyj\u0105tkowy zabytek architektury z pi\u0119knymi detalami.<\/p>\n<p><a href=\"https:\/\/malaga.nl\/activiteiten\/tivoli-world\/\" target=\"_blank\" rel=\"noopener\"><strong>\u015awiat Tivoli<\/strong><\/a>: Park rozrywki z atrakcjami i pokazami, idealny dla rodzin i mi\u0142ego sp\u0119dzenia dnia.<\/p>\n<p><strong>Benalmadena Pueblo<\/strong>: Stare miasto Benalm\u00e1dena, urocza bia\u0142a wioska z w\u0105skimi uliczkami, lokalnymi sklepami i pi\u0119knym widokiem na morze.<\/p>\n\n\t\t<\/div>\n\t<\/div>\n\n\t\t<\/div>\n\t<\/div>\n\t<\/div>\n\n<\/div>\n<\/div>\n\n<div  class=\"content_row row room-list vc_row wpb_row  default-style fullwidth\" >\n\t\n\t<div class=\"content_row_wrapper  fullwidth\" >\n\t<div id=\"asdasd\" class=\"vc_col-sm-12 wpb_column vc_column_container\" >\n\t<div class=\"vc_column-inner\">\n\t\t<div class=\"wpb_wrapper\" >\n\t\t\t<div class=\"google_map_holder\" data-height=\"300\" data-scope=\"#map-926961\" data-bw=\"\">\n\n\t\t\t<div id=\"map-926961\" class=\"google_map\"><\/div>\n\t\t\t<script type=\"text\/javascript\">\n\t\t\t \/* <![CDATA[ *\/ \n\t\t\t\t\/\/ Runs google maps\t\n\t\t\t\t\tjQuery(function() {\n\t\t\t\t\t\tjQuery(\"#map-926961\").rt_maps([[\"Benalmadena Beach\", 36.58300026743243, -4.558987702386189, 4,\"\"],],10); \n\t\t\t\t\t});\n\t\t\t\/* ]]> *\/\t\n\t\t\t<\/script>\n\n\t\t<\/div><div class=\"vc_empty_space\"   style=\"height: 180px\"><span class=\"vc_empty_space_inner\"><\/span><\/div>\n\t\t<\/div>\n\t<\/div>\n\t<\/div>\n\n<\/div>\n<\/div>\n<\/section>","protected":false},"excerpt":{"rendered":"<p>\u2026 <a class=\"more-link\" href=\"https:\/\/benalmadena-beach.com\/pl\/lokalizacja\/\">Kontynuuj czytanie<\/a><\/p>","protected":false},"author":1,"featured_media":4087,"parent":0,"menu_order":5,"comment_status":"closed","ping_status":"closed","template":"","meta":{"footnotes":""},"class_list":["post-97","page","type-page","status-publish","has-post-thumbnail","hentry"],"yoast_head":"<!-- This site is optimized with the Yoast SEO plugin v26.0 - https:\/\/yoast.com\/wordpress\/plugins\/seo\/ -->\n<title>Locatie - Benalm\u00e1dena Beach<\/title>\n<meta name=\"robots\" content=\"index, follow, max-snippet:-1, max-image-preview:large, max-video-preview:-1\" \/>\n<link rel=\"canonical\" href=\"https:\/\/benalmadena-beach.com\/pl\/lokalizacja\/\" \/>\n<meta property=\"og:locale\" content=\"pl_PL\" \/>\n<meta property=\"og:type\" content=\"article\" \/>\n<meta property=\"og:title\" content=\"Locatie - Benalm\u00e1dena Beach\" \/>\n<meta property=\"og:url\" content=\"https:\/\/benalmadena-beach.com\/pl\/lokalizacja\/\" \/>\n<meta property=\"og:site_name\" content=\"Benalm\u00e1dena Beach\" \/>\n<meta property=\"article:modified_time\" content=\"2024-10-15T10:07:02+00:00\" \/>\n<meta property=\"og:image\" content=\"https:\/\/benalmadena-beach.com\/wp-content\/uploads\/sites\/44\/2022\/03\/Benalmadena-Beach-_object-scaled.jpg\" \/>\n\t<meta property=\"og:image:width\" content=\"2560\" \/>\n\t<meta property=\"og:image:height\" content=\"1440\" \/>\n\t<meta property=\"og:image:type\" content=\"image\/jpeg\" \/>\n<meta name=\"twitter:card\" content=\"summary_large_image\" \/>\n<meta name=\"twitter:label1\" content=\"Szacowany czas czytania\" \/>\n\t<meta name=\"twitter:data1\" content=\"2 minuty\" \/>\n<script type=\"application\/ld+json\" class=\"yoast-schema-graph\">{\"@context\":\"https:\/\/schema.org\",\"@graph\":[{\"@type\":\"WebPage\",\"@id\":\"https:\/\/benalmadena-beach.com\/locatie\/\",\"url\":\"https:\/\/benalmadena-beach.com\/locatie\/\",\"name\":\"Locatie - Benalm\u00e1dena Beach\",\"isPartOf\":{\"@id\":\"https:\/\/benalmadena-beach.com\/#website\"},\"primaryImageOfPage\":{\"@id\":\"https:\/\/benalmadena-beach.com\/locatie\/#primaryimage\"},\"image\":{\"@id\":\"https:\/\/benalmadena-beach.com\/locatie\/#primaryimage\"},\"thumbnailUrl\":\"https:\/\/benalmadena-beach.com\/wp-content\/uploads\/sites\/44\/2022\/03\/Benalmadena-Beach-_object-scaled.jpg\",\"datePublished\":\"2022-01-27T10:58:35+00:00\",\"dateModified\":\"2024-10-15T10:07:02+00:00\",\"breadcrumb\":{\"@id\":\"https:\/\/benalmadena-beach.com\/locatie\/#breadcrumb\"},\"inLanguage\":\"pl-PL\",\"potentialAction\":[{\"@type\":\"ReadAction\",\"target\":[\"https:\/\/benalmadena-beach.com\/locatie\/\"]}]},{\"@type\":\"ImageObject\",\"inLanguage\":\"pl-PL\",\"@id\":\"https:\/\/benalmadena-beach.com\/locatie\/#primaryimage\",\"url\":\"https:\/\/benalmadena-beach.com\/wp-content\/uploads\/sites\/44\/2022\/03\/Benalmadena-Beach-_object-scaled.jpg\",\"contentUrl\":\"https:\/\/benalmadena-beach.com\/wp-content\/uploads\/sites\/44\/2022\/03\/Benalmadena-Beach-_object-scaled.jpg\",\"width\":2560,\"height\":1440},{\"@type\":\"BreadcrumbList\",\"@id\":\"https:\/\/benalmadena-beach.com\/locatie\/#breadcrumb\",\"itemListElement\":[{\"@type\":\"ListItem\",\"position\":1,\"name\":\"Home\",\"item\":\"https:\/\/benalmadena-beach.com\/\"},{\"@type\":\"ListItem\",\"position\":2,\"name\":\"Locatie\"}]},{\"@type\":\"WebSite\",\"@id\":\"https:\/\/benalmadena-beach.com\/#website\",\"url\":\"https:\/\/benalmadena-beach.com\/\",\"name\":\"Benalm\u00e1dena Beach\",\"description\":\"\",\"potentialAction\":[{\"@type\":\"SearchAction\",\"target\":{\"@type\":\"EntryPoint\",\"urlTemplate\":\"https:\/\/benalmadena-beach.com\/?s={search_term_string}\"},\"query-input\":{\"@type\":\"PropertyValueSpecification\",\"valueRequired\":true,\"valueName\":\"search_term_string\"}}],\"inLanguage\":\"pl-PL\"}]}<\/script>\n<!-- \/ Yoast SEO plugin. -->","yoast_head_json":{"title":"Lokalizacja - Pla\u017ca Benalm\u00e1dena","robots":{"index":"index","follow":"follow","max-snippet":"max-snippet:-1","max-image-preview":"max-image-preview:large","max-video-preview":"max-video-preview:-1"},"canonical":"https:\/\/benalmadena-beach.com\/pl\/lokalizacja\/","og_locale":"pl_PL","og_type":"article","og_title":"Locatie - Benalm\u00e1dena Beach","og_url":"https:\/\/benalmadena-beach.com\/pl\/lokalizacja\/","og_site_name":"Benalm\u00e1dena Beach","article_modified_time":"2024-10-15T10:07:02+00:00","og_image":[{"width":2560,"height":1440,"url":"https:\/\/benalmadena-beach.com\/wp-content\/uploads\/sites\/44\/2022\/03\/Benalmadena-Beach-_object-scaled.jpg","type":"image\/jpeg"}],"twitter_card":"summary_large_image","twitter_misc":{"Szacowany czas czytania":"2 minuty"},"schema":{"@context":"https:\/\/schema.org","@graph":[{"@type":"WebPage","@id":"https:\/\/benalmadena-beach.com\/locatie\/","url":"https:\/\/benalmadena-beach.com\/locatie\/","name":"Lokalizacja - Pla\u017ca Benalm\u00e1dena","isPartOf":{"@id":"https:\/\/benalmadena-beach.com\/#website"},"primaryImageOfPage":{"@id":"https:\/\/benalmadena-beach.com\/locatie\/#primaryimage"},"image":{"@id":"https:\/\/benalmadena-beach.com\/locatie\/#primaryimage"},"thumbnailUrl":"https:\/\/benalmadena-beach.com\/wp-content\/uploads\/sites\/44\/2022\/03\/Benalmadena-Beach-_object-scaled.jpg","datePublished":"2022-01-27T10:58:35+00:00","dateModified":"2024-10-15T10:07:02+00:00","breadcrumb":{"@id":"https:\/\/benalmadena-beach.com\/locatie\/#breadcrumb"},"inLanguage":"pl-PL","potentialAction":[{"@type":"ReadAction","target":["https:\/\/benalmadena-beach.com\/locatie\/"]}]},{"@type":"ImageObject","inLanguage":"pl-PL","@id":"https:\/\/benalmadena-beach.com\/locatie\/#primaryimage","url":"https:\/\/benalmadena-beach.com\/wp-content\/uploads\/sites\/44\/2022\/03\/Benalmadena-Beach-_object-scaled.jpg","contentUrl":"https:\/\/benalmadena-beach.com\/wp-content\/uploads\/sites\/44\/2022\/03\/Benalmadena-Beach-_object-scaled.jpg","width":2560,"height":1440},{"@type":"BreadcrumbList","@id":"https:\/\/benalmadena-beach.com\/locatie\/#breadcrumb","itemListElement":[{"@type":"ListItem","position":1,"name":"Home","item":"https:\/\/benalmadena-beach.com\/"},{"@type":"ListItem","position":2,"name":"Locatie"}]},{"@type":"WebSite","@id":"https:\/\/benalmadena-beach.com\/#website","url":"https:\/\/benalmadena-beach.com\/","name":"Pla\u017ca Benalmadena","description":"","potentialAction":[{"@type":"SearchAction","target":{"@type":"EntryPoint","urlTemplate":"https:\/\/benalmadena-beach.com\/?s={search_term_string}"},"query-input":{"@type":"PropertyValueSpecification","valueRequired":true,"valueName":"search_term_string"}}],"inLanguage":"pl-PL"}]}},"_links":{"self":[{"href":"https:\/\/benalmadena-beach.com\/pl\/wp-json\/wp\/v2\/pages\/97","targetHints":{"allow":["GET"]}}],"collection":[{"href":"https:\/\/benalmadena-beach.com\/pl\/wp-json\/wp\/v2\/pages"}],"about":[{"href":"https:\/\/benalmadena-beach.com\/pl\/wp-json\/wp\/v2\/types\/page"}],"author":[{"embeddable":true,"href":"https:\/\/benalmadena-beach.com\/pl\/wp-json\/wp\/v2\/users\/1"}],"replies":[{"embeddable":true,"href":"https:\/\/benalmadena-beach.com\/pl\/wp-json\/wp\/v2\/comments?post=97"}],"version-history":[{"count":7,"href":"https:\/\/benalmadena-beach.com\/pl\/wp-json\/wp\/v2\/pages\/97\/revisions"}],"predecessor-version":[{"id":4130,"href":"https:\/\/benalmadena-beach.com\/pl\/wp-json\/wp\/v2\/pages\/97\/revisions\/4130"}],"wp:featuredmedia":[{"embeddable":true,"href":"https:\/\/benalmadena-beach.com\/pl\/wp-json\/wp\/v2\/media\/4087"}],"wp:attachment":[{"href":"https:\/\/benalmadena-beach.com\/pl\/wp-json\/wp\/v2\/media?parent=97"}],"curies":[{"name":"wp","href":"https:\/\/api.w.org\/{rel}","templated":true}]}}